{"id":5067,"date":"2019-05-09T09:54:54","date_gmt":"2019-05-09T07:54:54","guid":{"rendered":"https:\/\/tienda.infomueble.es\/cataleg\/"},"modified":"2024-05-28T15:41:36","modified_gmt":"2024-05-28T13:41:36","slug":"cataleg","status":"publish","type":"page","link":"https:\/\/tienda.infomueble.es\/ca\/cataleg\/","title":{"rendered":"Cat\u00e0leg"},"content":{"rendered":"<p>[et_pb_section fb_built=&#8221;1&#8243; inner_shadow=&#8221;on&#8221; _builder_version=&#8221;3.22.4&#8243; custom_padding=&#8221;66px|||||&#8221;][et_pb_row _builder_version=&#8221;3.22.4&#8243;][et_pb_column type=&#8221;4_4&#8243; _builder_version=&#8221;3.22.4&#8243;][et_pb_text _builder_version=&#8221;3.22.4&#8243; text_font=&#8221;||||||||&#8221; header_font=&#8221;||||||||&#8221; header_2_font=&#8221;Montserrat|600||on|||||&#8221; header_2_text_align=&#8221;center&#8221; header_2_font_size=&#8221;18px&#8221; header_2_font_size_tablet=&#8221;32px&#8221; header_2_font_size_phone=&#8221;24px&#8221; header_2_font_size_last_edited=&#8221;on|phone&#8221; header_2_line_height=&#8221;1.5em&#8221; header_4_font=&#8221;Montserrat|500||on|||||&#8221; header_4_text_color=&#8221;#ef6f49&#8243; header_4_font_size=&#8221;11px&#8221; header_4_letter_spacing=&#8221;3px&#8221; max_width=&#8221;700px&#8221; module_alignment=&#8221;center&#8221; custom_padding=&#8221;||1px|||&#8221; locked=&#8221;off&#8221;]<\/p>\n<h2>Nuestros productos<\/h2>\n<p>[\/et_pb_text][et_pb_divider divider_weight=&#8221;2px&#8221; disabled_on=&#8221;on|on|off&#8221; _builder_version=&#8221;3.22.4&#8243; max_width=&#8221;70px&#8221; module_alignment=&#8221;center&#8221; custom_margin=&#8221;||0px&#8221; locked=&#8221;off&#8221;][\/et_pb_divider][\/et_pb_column][\/et_pb_row][et_pb_row _builder_version=&#8221;3.22.4&#8243; width=&#8221;65%&#8221;][et_pb_column type=&#8221;1_4&#8243; _builder_version=&#8221;3.22.4&#8243;][et_pb_blurb title=&#8221;oFICINAS Y DESPACHOS&#8221; url=&#8221;https:\/\/tienda.infomueble.es\/categoria-producto\/oficinas-y-despachos\/&#8221; image=&#8221;https:\/\/tienda.infomueble.es\/wp-content\/uploads\/2019\/05\/2_Colecciones.jpg&#8221; _builder_version=&#8221;3.22.4&#8243; header_font=&#8221;|||on|||||&#8221; header_text_align=&#8221;center&#8221; header_text_color=&#8221;#000000&#8243; header_font_size=&#8221;16px&#8221;][\/et_pb_blurb][\/et_pb_column][et_pb_column type=&#8221;1_4&#8243; _builder_version=&#8221;3.22.4&#8243;][et_pb_blurb title=&#8221;Librer\u00edas&#8221; url=&#8221;https:\/\/tienda.infomueble.es\/categoria-producto\/libreria-de-oficina\/&#8221; image=&#8221;https:\/\/tienda.infomueble.es\/wp-content\/uploads\/2019\/05\/3_Librerias.jpg&#8221; _builder_version=&#8221;3.22.4&#8243; header_font=&#8221;|||on|||||&#8221; header_text_align=&#8221;center&#8221; header_text_color=&#8221;#000000&#8243; header_font_size=&#8221;16px&#8221;][\/et_pb_blurb][\/et_pb_column][et_pb_column type=&#8221;1_4&#8243; _builder_version=&#8221;3.22.4&#8243;][et_pb_blurb title=&#8221;Mostradores&#8221; url=&#8221;https:\/\/tienda.infomueble.es\/categoria-producto\/mostradores-y-recepciones\/&#8221; image=&#8221;https:\/\/tienda.infomueble.es\/wp-content\/uploads\/2019\/05\/5_mostradores.jpg&#8221; _builder_version=&#8221;3.22.4&#8243; header_font=&#8221;|||on|||||&#8221; header_text_align=&#8221;center&#8221; header_text_color=&#8221;#000000&#8243; header_font_size=&#8221;16px&#8221;][\/et_pb_blurb][\/et_pb_column][et_pb_column type=&#8221;1_4&#8243; _builder_version=&#8221;3.22.4&#8243;][et_pb_blurb title=&#8221;Sillas&#8221; url=&#8221;https:\/\/tienda.infomueble.es\/categoria-producto\/sillas\/&#8221; image=&#8221;https:\/\/tienda.infomueble.es\/wp-content\/uploads\/2019\/05\/Tokio-peque\u00f1a.jpg&#8221; _builder_version=&#8221;3.22.4&#8243; header_font=&#8221;|||on|||||&#8221; header_text_align=&#8221;center&#8221; header_text_color=&#8221;#000000&#8243; header_font_size=&#8221;16px&#8221;][\/et_pb_blurb][\/et_pb_column][\/et_pb_row][et_pb_row _builder_version=&#8221;3.22.4&#8243; width=&#8221;65%&#8221;][et_pb_column type=&#8221;1_4&#8243; _builder_version=&#8221;3.22.4&#8243;][et_pb_blurb title=&#8221;COLECCIONES&#8221; url=&#8221;https:\/\/tienda.infomueble.es\/categoria-producto\/ofertas-despacho-completo\/&#8221; image=&#8221;https:\/\/tienda.infomueble.es\/wp-content\/uploads\/2019\/05\/despacho3-1.png&#8221; _builder_version=&#8221;3.22.4&#8243; header_font=&#8221;|||on|||||&#8221; header_text_align=&#8221;center&#8221; header_text_color=&#8221;#000000&#8243; header_font_size=&#8221;16px&#8221;][\/et_pb_blurb][\/et_pb_column][et_pb_column type=&#8221;1_4&#8243; _builder_version=&#8221;3.22.4&#8243;][et_pb_blurb title=&#8221;ARCHIVADORES&#8221; url=&#8221;https:\/\/tienda.infomueble.es\/categoria-producto\/archivadores\/&#8221; image=&#8221;https:\/\/tienda.infomueble.es\/wp-content\/uploads\/2019\/05\/6_archivadores.jpg&#8221; _builder_version=&#8221;3.22.4&#8243; header_font=&#8221;|||on|||||&#8221; header_text_align=&#8221;center&#8221; header_text_color=&#8221;#000000&#8243; header_font_size=&#8221;16px&#8221;][\/et_pb_blurb][\/et_pb_column][et_pb_column type=&#8221;1_4&#8243; _builder_version=&#8221;3.22.4&#8243;][et_pb_blurb title=&#8221;ARMARIOS&#8221; url=&#8221;https:\/\/tienda.infomueble.es\/categoria-producto\/armarios\/&#8221; image=&#8221;https:\/\/tienda.infomueble.es\/wp-content\/uploads\/2019\/05\/7_armarios.jpg&#8221; _builder_version=&#8221;3.22.4&#8243; header_font=&#8221;|||on|||||&#8221; header_text_align=&#8221;center&#8221; header_text_color=&#8221;#000000&#8243; header_font_size=&#8221;16px&#8221;][\/et_pb_blurb][\/et_pb_column][et_pb_column type=&#8221;1_4&#8243; _builder_version=&#8221;3.22.4&#8243;][et_pb_blurb title=&#8221;CORTINAS&#8221; url=&#8221;https:\/\/tienda.infomueble.es\/categoria-producto\/cortinas\/&#8221; image=&#8221;https:\/\/tienda.infomueble.es\/wp-content\/uploads\/2019\/05\/8_cortinas.jpg&#8221; _builder_version=&#8221;3.22.4&#8243; header_font=&#8221;|||on|||||&#8221; header_text_align=&#8221;center&#8221; header_text_color=&#8221;#000000&#8243; header_font_size=&#8221;16px&#8221;][\/et_pb_blurb][\/et_pb_column][\/et_pb_row][\/et_pb_section][et_pb_section fb_built=&#8221;1&#8243; _builder_version=&#8221;3.22.4&#8243; background_color=&#8221;rgba(101,43,49,0.08)&#8221;][et_pb_row _builder_version=&#8221;3.22.4&#8243;][et_pb_column type=&#8221;4_4&#8243; _builder_version=&#8221;3.22.4&#8243;][et_pb_text _builder_version=&#8221;3.22.4&#8243; text_font=&#8221;||||||||&#8221; header_font=&#8221;||||||||&#8221; header_2_font=&#8221;Montserrat|600||on|||||&#8221; header_2_text_align=&#8221;center&#8221; header_2_font_size=&#8221;18px&#8221; header_2_font_size_tablet=&#8221;32px&#8221; header_2_font_size_phone=&#8221;24px&#8221; header_2_font_size_last_edited=&#8221;on|phone&#8221; header_2_line_height=&#8221;1.5em&#8221; header_4_font=&#8221;Montserrat|500||on|||||&#8221; header_4_text_color=&#8221;#ef6f49&#8243; header_4_font_size=&#8221;11px&#8221; header_4_letter_spacing=&#8221;3px&#8221; text_orientation=&#8221;center&#8221; max_width=&#8221;700px&#8221; module_alignment=&#8221;center&#8221; locked=&#8221;off&#8221;]<\/p>\n<h2>Conoce nuestros cat\u00e1logos<\/h2>\n<p>Conozca nuestro cat\u00e1logo online del <strong>mobiliario de dise\u00f1o<\/strong> y f\u00e1bricado por Infomueble, por este motivo podemos adaptarnos a requisitos de su oficina. La gran variedad de estilos le garantiza encontrar su oficina en Infomueble.<\/p>\n<p>[\/et_pb_text][et_pb_divider divider_weight=&#8221;2px&#8221; disabled_on=&#8221;on|on|off&#8221; _builder_version=&#8221;3.22.4&#8243; max_width=&#8221;70px&#8221; module_alignment=&#8221;center&#8221; custom_margin=&#8221;||0px&#8221; locked=&#8221;off&#8221;][\/et_pb_divider][\/et_pb_column][\/et_pb_row][et_pb_row _builder_version=&#8221;3.22.4&#8243;][et_pb_column type=&#8221;1_3&#8243; _builder_version=&#8221;3.22.4&#8243;][et_pb_text _builder_version=&#8221;3.22.4&#8243; text_font=&#8221;||||||||&#8221; header_font=&#8221;||||||||&#8221; header_2_font=&#8221;Montserrat|600||on|||||&#8221; header_2_text_align=&#8221;center&#8221; header_2_text_color=&#8221;#652b31&#8243; header_2_font_size=&#8221;18px&#8221; header_2_font_size_tablet=&#8221;32px&#8221; header_2_font_size_phone=&#8221;24px&#8221; header_2_font_size_last_edited=&#8221;on|phone&#8221; header_2_line_height=&#8221;1.5em&#8221; header_4_font=&#8221;Montserrat|500||on|||||&#8221; header_4_text_color=&#8221;#ef6f49&#8243; header_4_font_size=&#8221;11px&#8221; header_4_letter_spacing=&#8221;3px&#8221; text_orientation=&#8221;center&#8221; max_width=&#8221;700px&#8221; module_alignment=&#8221;center&#8221; custom_margin=&#8221;||3px|||&#8221; locked=&#8221;off&#8221;]<\/p>\n<h2>Serie Zeus<\/h2>\n<p>[\/et_pb_text][et_pb_image src=&#8221;https:\/\/tienda.infomueble.es\/wp-content\/uploads\/2019\/05\/Serie-Zeus.jpg&#8221; url=&#8221;https:\/\/tienda.infomueble.es\/wp-content\/uploads\/2019\/05\/Zeus.pdf&#8221; url_new_window=&#8221;on&#8221; _builder_version=&#8221;3.22.4&#8243; border_width_all=&#8221;5px&#8221; border_color_all=&#8221;#ffffff&#8221; box_shadow_style=&#8221;preset1&#8243; box_shadow_blur=&#8221;10px&#8221; box_shadow_spread=&#8221;4px&#8221; box_shadow_color=&#8221;rgba(0,0,0,0.1)&#8221;][\/et_pb_image][\/et_pb_column][et_pb_column type=&#8221;1_3&#8243; _builder_version=&#8221;3.22.4&#8243;][et_pb_text _builder_version=&#8221;3.22.4&#8243; text_font=&#8221;||||||||&#8221; header_font=&#8221;||||||||&#8221; header_2_font=&#8221;Montserrat|600||on|||||&#8221; header_2_text_align=&#8221;center&#8221; header_2_text_color=&#8221;#652b31&#8243; header_2_font_size=&#8221;18px&#8221; header_2_font_size_tablet=&#8221;32px&#8221; header_2_font_size_phone=&#8221;24px&#8221; header_2_font_size_last_edited=&#8221;on|phone&#8221; header_2_line_height=&#8221;1.5em&#8221; header_4_font=&#8221;Montserrat|500||on|||||&#8221; header_4_text_color=&#8221;#ef6f49&#8243; header_4_font_size=&#8221;11px&#8221; header_4_letter_spacing=&#8221;3px&#8221; text_orientation=&#8221;center&#8221; max_width=&#8221;700px&#8221; module_alignment=&#8221;center&#8221; custom_margin=&#8221;||3px|||&#8221; locked=&#8221;off&#8221;]<\/p>\n<h2>Serie Ceres<\/h2>\n<p>[\/et_pb_text][et_pb_image src=&#8221;https:\/\/tienda.infomueble.es\/wp-content\/uploads\/2019\/05\/Serie-Ceres.jpg&#8221; url=&#8221;https:\/\/tienda.infomueble.es\/wp-content\/uploads\/2019\/05\/Catalogo-Serie-CERES.pdf&#8221; url_new_window=&#8221;on&#8221; _builder_version=&#8221;3.22.4&#8243; border_width_all=&#8221;5px&#8221; border_color_all=&#8221;#ffffff&#8221; box_shadow_style=&#8221;preset1&#8243; box_shadow_blur=&#8221;10px&#8221; box_shadow_spread=&#8221;4px&#8221; box_shadow_color=&#8221;rgba(0,0,0,0.1)&#8221;][\/et_pb_image][\/et_pb_column][et_pb_column type=&#8221;1_3&#8243; _builder_version=&#8221;3.22.4&#8243;][et_pb_text _builder_version=&#8221;3.22.4&#8243; text_font=&#8221;||||||||&#8221; header_font=&#8221;||||||||&#8221; header_2_font=&#8221;Montserrat|600||on|||||&#8221; header_2_text_align=&#8221;center&#8221; header_2_text_color=&#8221;#652b31&#8243; header_2_font_size=&#8221;18px&#8221; header_2_font_size_tablet=&#8221;32px&#8221; header_2_font_size_phone=&#8221;24px&#8221; header_2_font_size_last_edited=&#8221;on|phone&#8221; header_2_line_height=&#8221;1.5em&#8221; header_4_font=&#8221;Montserrat|500||on|||||&#8221; header_4_text_color=&#8221;#ef6f49&#8243; header_4_font_size=&#8221;11px&#8221; header_4_letter_spacing=&#8221;3px&#8221; text_orientation=&#8221;center&#8221; max_width=&#8221;700px&#8221; module_alignment=&#8221;center&#8221; custom_margin=&#8221;||3px|||&#8221; locked=&#8221;off&#8221;]<\/p>\n<h2>Serie Alfa<\/h2>\n<p>[\/et_pb_text][et_pb_image src=&#8221;https:\/\/tienda.infomueble.es\/wp-content\/uploads\/2019\/05\/Serie-Alfa.jpg&#8221; url=&#8221;https:\/\/tienda.infomueble.es\/wp-content\/uploads\/2019\/05\/Cata%CC%81logo-Serie-ALFA-infomueble2.pdf&#8221; url_new_window=&#8221;on&#8221; _builder_version=&#8221;3.22.4&#8243; border_width_all=&#8221;5px&#8221; border_color_all=&#8221;#ffffff&#8221; box_shadow_style=&#8221;preset1&#8243; box_shadow_blur=&#8221;10px&#8221; box_shadow_spread=&#8221;4px&#8221; box_shadow_color=&#8221;rgba(0,0,0,0.1)&#8221;][\/et_pb_image][\/et_pb_column][\/et_pb_row][et_pb_row _builder_version=&#8221;3.22.4&#8243;][et_pb_column type=&#8221;1_3&#8243; _builder_version=&#8221;3.22.4&#8243;][et_pb_text _builder_version=&#8221;3.22.4&#8243; text_font=&#8221;||||||||&#8221; header_font=&#8221;||||||||&#8221; header_2_font=&#8221;Montserrat|600||on|||||&#8221; header_2_text_align=&#8221;center&#8221; header_2_text_color=&#8221;#652b31&#8243; header_2_font_size=&#8221;18px&#8221; header_2_font_size_tablet=&#8221;32px&#8221; header_2_font_size_phone=&#8221;24px&#8221; header_2_font_size_last_edited=&#8221;on|phone&#8221; header_2_line_height=&#8221;1.5em&#8221; header_4_font=&#8221;Montserrat|500||on|||||&#8221; header_4_text_color=&#8221;#ef6f49&#8243; header_4_font_size=&#8221;11px&#8221; header_4_letter_spacing=&#8221;3px&#8221; text_orientation=&#8221;center&#8221; max_width=&#8221;700px&#8221; module_alignment=&#8221;center&#8221; custom_margin=&#8221;||3px|||&#8221; locked=&#8221;off&#8221;]<\/p>\n<h2>Serie Alfa New<\/h2>\n<p>[\/et_pb_text][et_pb_image src=&#8221;https:\/\/tienda.infomueble.es\/wp-content\/uploads\/2019\/05\/Serie-Alfa-New.jpg&#8221; url=&#8221;https:\/\/tienda.infomueble.es\/wp-content\/uploads\/2019\/05\/Cata%CC%81logo-Serie-ALFA-new.pdf&#8221; url_new_window=&#8221;on&#8221; _builder_version=&#8221;3.22.4&#8243; border_width_all=&#8221;5px&#8221; border_color_all=&#8221;#ffffff&#8221; box_shadow_style=&#8221;preset1&#8243; box_shadow_blur=&#8221;10px&#8221; box_shadow_spread=&#8221;4px&#8221; box_shadow_color=&#8221;rgba(0,0,0,0.1)&#8221;][\/et_pb_image][\/et_pb_column][et_pb_column type=&#8221;1_3&#8243; _builder_version=&#8221;3.22.4&#8243;][et_pb_text _builder_version=&#8221;3.22.4&#8243; text_font=&#8221;||||||||&#8221; header_font=&#8221;||||||||&#8221; header_2_font=&#8221;Montserrat|600||on|||||&#8221; header_2_text_align=&#8221;center&#8221; header_2_text_color=&#8221;#652b31&#8243; header_2_font_size=&#8221;18px&#8221; header_2_font_size_tablet=&#8221;32px&#8221; header_2_font_size_phone=&#8221;24px&#8221; header_2_font_size_last_edited=&#8221;on|phone&#8221; header_2_line_height=&#8221;1.5em&#8221; header_4_font=&#8221;Montserrat|500||on|||||&#8221; header_4_text_color=&#8221;#ef6f49&#8243; header_4_font_size=&#8221;11px&#8221; header_4_letter_spacing=&#8221;3px&#8221; text_orientation=&#8221;center&#8221; max_width=&#8221;700px&#8221; module_alignment=&#8221;center&#8221; custom_margin=&#8221;||3px|||&#8221; locked=&#8221;off&#8221;]<\/p>\n<h2>Serie Sidney<\/h2>\n<p>[\/et_pb_text][et_pb_image src=&#8221;https:\/\/tienda.infomueble.es\/wp-content\/uploads\/2019\/05\/Serie-Sidney.jpg&#8221; url=&#8221;https:\/\/tienda.infomueble.es\/wp-content\/uploads\/2019\/05\/Catalogo-sidney1.pdf&#8221; url_new_window=&#8221;on&#8221; _builder_version=&#8221;3.22.4&#8243; border_width_all=&#8221;5px&#8221; border_color_all=&#8221;#ffffff&#8221; box_shadow_style=&#8221;preset1&#8243; box_shadow_blur=&#8221;10px&#8221; box_shadow_spread=&#8221;4px&#8221; box_shadow_color=&#8221;rgba(0,0,0,0.1)&#8221;][\/et_pb_image][\/et_pb_column][et_pb_column type=&#8221;1_3&#8243; _builder_version=&#8221;3.22.4&#8243;][et_pb_text _builder_version=&#8221;3.22.4&#8243; text_font=&#8221;||||||||&#8221; header_font=&#8221;||||||||&#8221; header_2_font=&#8221;Montserrat|600||on|||||&#8221; header_2_text_align=&#8221;center&#8221; header_2_text_color=&#8221;#652b31&#8243; header_2_font_size=&#8221;18px&#8221; header_2_font_size_tablet=&#8221;32px&#8221; header_2_font_size_phone=&#8221;24px&#8221; header_2_font_size_last_edited=&#8221;on|phone&#8221; header_2_line_height=&#8221;1.5em&#8221; header_4_font=&#8221;Montserrat|500||on|||||&#8221; header_4_text_color=&#8221;#ef6f49&#8243; header_4_font_size=&#8221;11px&#8221; header_4_letter_spacing=&#8221;3px&#8221; text_orientation=&#8221;center&#8221; max_width=&#8221;700px&#8221; module_alignment=&#8221;center&#8221; custom_margin=&#8221;||3px|||&#8221; locked=&#8221;off&#8221;]<\/p>\n<h2>Serie Beta<\/h2>\n<p>[\/et_pb_text][et_pb_image src=&#8221;https:\/\/tienda.infomueble.es\/wp-content\/uploads\/2019\/05\/Serie-Beta.jpg&#8221; url=&#8221;https:\/\/tienda.infomueble.es\/wp-content\/uploads\/2019\/05\/catalogo_beta-x.pdf&#8221; url_new_window=&#8221;on&#8221; _builder_version=&#8221;3.22.4&#8243; border_width_all=&#8221;5px&#8221; border_color_all=&#8221;#ffffff&#8221; box_shadow_style=&#8221;preset1&#8243; box_shadow_blur=&#8221;10px&#8221; box_shadow_spread=&#8221;4px&#8221; box_shadow_color=&#8221;rgba(0,0,0,0.1)&#8221;][\/et_pb_image][\/et_pb_column][\/et_pb_row][et_pb_row _builder_version=&#8221;3.22.4&#8243;][et_pb_column type=&#8221;1_3&#8243; _builder_version=&#8221;3.22.4&#8243;][\/et_pb_column][et_pb_column type=&#8221;1_3&#8243; _builder_version=&#8221;3.22.4&#8243;][et_pb_text _builder_version=&#8221;3.22.4&#8243; text_font=&#8221;||||||||&#8221; header_font=&#8221;||||||||&#8221; header_2_font=&#8221;Montserrat|600||on|||||&#8221; header_2_text_align=&#8221;center&#8221; header_2_text_color=&#8221;#652b31&#8243; header_2_font_size=&#8221;18px&#8221; header_2_font_size_tablet=&#8221;32px&#8221; header_2_font_size_phone=&#8221;24px&#8221; header_2_font_size_last_edited=&#8221;on|phone&#8221; header_2_line_height=&#8221;1.5em&#8221; header_4_font=&#8221;Montserrat|500||on|||||&#8221; header_4_text_color=&#8221;#ef6f49&#8243; header_4_font_size=&#8221;11px&#8221; header_4_letter_spacing=&#8221;3px&#8221; text_orientation=&#8221;center&#8221; max_width=&#8221;700px&#8221; module_alignment=&#8221;center&#8221; custom_margin=&#8221;||3px|||&#8221; locked=&#8221;off&#8221;]<\/p>\n<h2>Infomueble<\/h2>\n<p>[\/et_pb_text][et_pb_image src=&#8221;https:\/\/tienda.infomueble.es\/wp-content\/uploads\/2019\/05\/Cat\u00e1logo-Infomuebles.jpg&#8221; url=&#8221;https:\/\/tienda.infomueble.es\/wp-content\/uploads\/2019\/05\/series-infomuebles1.pdf&#8221; url_new_window=&#8221;on&#8221; _builder_version=&#8221;3.22.4&#8243; border_width_all=&#8221;5px&#8221; border_color_all=&#8221;#ffffff&#8221; box_shadow_style=&#8221;preset1&#8243; box_shadow_blur=&#8221;10px&#8221; box_shadow_spread=&#8221;4px&#8221; box_shadow_color=&#8221;rgba(0,0,0,0.1)&#8221;][\/et_pb_image][\/et_pb_column][et_pb_column type=&#8221;1_3&#8243; _builder_version=&#8221;3.22.4&#8243;][\/et_pb_column][\/et_pb_row][\/et_pb_section]<\/p>\n","protected":false},"excerpt":{"rendered":"<p>Nuestros productosConoce nuestros cat\u00e1logos Conozca nuestro cat\u00e1logo online del mobiliario de dise\u00f1o y f\u00e1bricado por Infomueble, por este motivo podemos adaptarnos a requisitos de su oficina. La gran variedad de estilos le garantiza encontrar su oficina en Infomueble.Serie ZeusSerie CeresSerie AlfaSerie Alfa NewSerie SidneySerie BetaInfomueble<\/p>\n","protected":false},"author":1,"featured_media":0,"parent":0,"menu_order":0,"comment_status":"closed","ping_status":"closed","template":"","meta":{"_et_pb_use_builder":"on","_et_pb_old_content":"","_et_gb_content_width":"","footnotes":""},"class_list":["post-5067","page","type-page","status-publish","hentry"],"_links":{"self":[{"href":"https:\/\/tienda.infomueble.es\/ca\/wp-json\/wp\/v2\/pages\/5067","targetHints":{"allow":["GET"]}}],"collection":[{"href":"https:\/\/tienda.infomueble.es\/ca\/wp-json\/wp\/v2\/pages"}],"about":[{"href":"https:\/\/tienda.infomueble.es\/ca\/wp-json\/wp\/v2\/types\/page"}],"author":[{"embeddable":true,"href":"https:\/\/tienda.infomueble.es\/ca\/wp-json\/wp\/v2\/users\/1"}],"replies":[{"embeddable":true,"href":"https:\/\/tienda.infomueble.es\/ca\/wp-json\/wp\/v2\/comments?post=5067"}],"version-history":[{"count":4,"href":"https:\/\/tienda.infomueble.es\/ca\/wp-json\/wp\/v2\/pages\/5067\/revisions"}],"predecessor-version":[{"id":5665,"href":"https:\/\/tienda.infomueble.es\/ca\/wp-json\/wp\/v2\/pages\/5067\/revisions\/5665"}],"wp:attachment":[{"href":"https:\/\/tienda.infomueble.es\/ca\/wp-json\/wp\/v2\/media?parent=5067"}],"curies":[{"name":"wp","href":"https:\/\/api.w.org\/{rel}","templated":true}]}}