{"id":5074,"date":"2019-02-21T14:07:13","date_gmt":"2019-02-21T13:07:13","guid":{"rendered":"https:\/\/tienda.infomueble.es\/contacte\/"},"modified":"2024-05-30T18:39:51","modified_gmt":"2024-05-30T16:39:51","slug":"contacte","status":"publish","type":"page","link":"https:\/\/tienda.infomueble.es\/ca\/contacte\/","title":{"rendered":"Contacte"},"content":{"rendered":"<p>[et_pb_section fb_built=&#8221;1&#8243; _builder_version=&#8221;4.24.2&#8243; background_image=&#8221;https:\/\/tienda.infomueble.es\/wp-content\/uploads\/2024\/04\/motiu-marro.png&#8221; custom_padding=&#8221;100px||100px|||&#8221; global_module=&#8221;2228&#8243; saved_tabs=&#8221;all&#8221; global_colors_info=&#8221;{}&#8221;][et_pb_row column_structure=&#8221;1_2,1_2&#8243; use_custom_gutter=&#8221;on&#8221; gutter_width=&#8221;2&#8243; _builder_version=&#8221;4.25.1&#8243; background_color=&#8221;rgba(255,255,255,0.98)&#8221; width_tablet=&#8221;&#8221; width_phone=&#8221;90%&#8221; width_last_edited=&#8221;on|phone&#8221; global_colors_info=&#8221;{}&#8221;][et_pb_column type=&#8221;1_2&#8243; _builder_version=&#8221;4.25.1&#8243; custom_padding=&#8221;15px|17px|15px|17px|true|true&#8221; custom_padding_tablet=&#8221;&#8221; custom_padding_phone=&#8221;&#8221; custom_padding_last_edited=&#8221;on|phone&#8221; global_colors_info=&#8221;{}&#8221; custom_padding__hover=&#8221;|||&#8221;][et_pb_contact_form use_spam_service=&#8221;on&#8221; recaptcha_list=&#8221;tienda|tienda-0&#8243; email=&#8221;infomueblepalma@gmail.com&#8221; custom_message=&#8221;De: %%Name%%||et_pb_line_break_holder||Email: %%Email%%||et_pb_line_break_holder||||et_pb_line_break_holder||Mensaje:||et_pb_line_break_holder||%%Message%%&#8221; success_message=&#8221;Gr\u00e0cies pel teu missatge.&#8221; submit_button_text=&#8221;Enviar&#8221; _builder_version=&#8221;4.25.1&#8243; _module_preset=&#8221;default&#8221; _unique_id=&#8221;faa20cb5-d752-435b-995d-cde8e37610ec&#8221; form_field_font_size=&#8221;15px&#8221; custom_button=&#8221;on&#8221; button_text_color=&#8221;#FFFFFF&#8221; button_bg_color=&#8221;#652B31&#8243; button_border_width=&#8221;0px&#8221; button_border_radius=&#8221;0px&#8221; button_letter_spacing=&#8221;0px&#8221; button_use_icon=&#8221;off&#8221; button_custom_margin=&#8221;15px||||false|false&#8221; hover_enabled=&#8221;0&#8243; global_colors_info=&#8221;{}&#8221; button_bg_color__hover_enabled=&#8221;on|hover&#8221; button_bg_color__hover=&#8221;#666666&#8243; button_bg_enable_color__hover=&#8221;on&#8221; sticky_enabled=&#8221;0&#8243;][et_pb_contact_field field_id=&#8221;Name&#8221; field_title=&#8221;Nom&#8221; fullwidth_field=&#8221;on&#8221; _builder_version=&#8221;4.25.1&#8243; global_colors_info=&#8221;{}&#8221; button_text_size__hover_enabled=&#8221;off&#8221; button_one_text_size__hover_enabled=&#8221;off&#8221; button_two_text_size__hover_enabled=&#8221;off&#8221; button_text_color__hover_enabled=&#8221;off&#8221; button_one_text_color__hover_enabled=&#8221;off&#8221; button_two_text_color__hover_enabled=&#8221;off&#8221; button_border_width__hover_enabled=&#8221;off&#8221; button_one_border_width__hover_enabled=&#8221;off&#8221; button_two_border_width__hover_enabled=&#8221;off&#8221; button_border_color__hover_enabled=&#8221;off&#8221; button_one_border_color__hover_enabled=&#8221;off&#8221; button_two_border_color__hover_enabled=&#8221;off&#8221; button_border_radius__hover_enabled=&#8221;off&#8221; button_one_border_radius__hover_enabled=&#8221;off&#8221; button_two_border_radius__hover_enabled=&#8221;off&#8221; button_letter_spacing__hover_enabled=&#8221;off&#8221; button_one_letter_spacing__hover_enabled=&#8221;off&#8221; button_two_letter_spacing__hover_enabled=&#8221;off&#8221; button_bg_color__hover_enabled=&#8221;off&#8221; button_one_bg_color__hover_enabled=&#8221;off&#8221; button_two_bg_color__hover_enabled=&#8221;off&#8221;][\/et_pb_contact_field][et_pb_contact_field field_id=&#8221;Email&#8221; field_title=&#8221;Email &#8221; field_type=&#8221;email&#8221; fullwidth_field=&#8221;on&#8221; _builder_version=&#8221;4.25.1&#8243; global_colors_info=&#8221;{}&#8221; button_text_size__hover_enabled=&#8221;off&#8221; button_one_text_size__hover_enabled=&#8221;off&#8221; button_two_text_size__hover_enabled=&#8221;off&#8221; button_text_color__hover_enabled=&#8221;off&#8221; button_one_text_color__hover_enabled=&#8221;off&#8221; button_two_text_color__hover_enabled=&#8221;off&#8221; button_border_width__hover_enabled=&#8221;off&#8221; button_one_border_width__hover_enabled=&#8221;off&#8221; button_two_border_width__hover_enabled=&#8221;off&#8221; button_border_color__hover_enabled=&#8221;off&#8221; button_one_border_color__hover_enabled=&#8221;off&#8221; button_two_border_color__hover_enabled=&#8221;off&#8221; button_border_radius__hover_enabled=&#8221;off&#8221; button_one_border_radius__hover_enabled=&#8221;off&#8221; button_two_border_radius__hover_enabled=&#8221;off&#8221; button_letter_spacing__hover_enabled=&#8221;off&#8221; button_one_letter_spacing__hover_enabled=&#8221;off&#8221; button_two_letter_spacing__hover_enabled=&#8221;off&#8221; button_bg_color__hover_enabled=&#8221;off&#8221; button_one_bg_color__hover_enabled=&#8221;off&#8221; button_two_bg_color__hover_enabled=&#8221;off&#8221;][\/et_pb_contact_field][et_pb_contact_field field_id=&#8221;Message&#8221; field_title=&#8221;Missatge&#8221; field_type=&#8221;text&#8221; fullwidth_field=&#8221;on&#8221; _builder_version=&#8221;4.25.1&#8243; global_colors_info=&#8221;{}&#8221; button_text_size__hover_enabled=&#8221;off&#8221; button_one_text_size__hover_enabled=&#8221;off&#8221; button_two_text_size__hover_enabled=&#8221;off&#8221; button_text_color__hover_enabled=&#8221;off&#8221; button_one_text_color__hover_enabled=&#8221;off&#8221; button_two_text_color__hover_enabled=&#8221;off&#8221; button_border_width__hover_enabled=&#8221;off&#8221; button_one_border_width__hover_enabled=&#8221;off&#8221; button_two_border_width__hover_enabled=&#8221;off&#8221; button_border_color__hover_enabled=&#8221;off&#8221; button_one_border_color__hover_enabled=&#8221;off&#8221; button_two_border_color__hover_enabled=&#8221;off&#8221; button_border_radius__hover_enabled=&#8221;off&#8221; button_one_border_radius__hover_enabled=&#8221;off&#8221; button_two_border_radius__hover_enabled=&#8221;off&#8221; button_letter_spacing__hover_enabled=&#8221;off&#8221; button_one_letter_spacing__hover_enabled=&#8221;off&#8221; button_two_letter_spacing__hover_enabled=&#8221;off&#8221; button_bg_color__hover_enabled=&#8221;off&#8221; button_one_bg_color__hover_enabled=&#8221;off&#8221; button_two_bg_color__hover_enabled=&#8221;off&#8221;][\/et_pb_contact_field][et_pb_contact_field field_id=&#8221;privacidad&#8221; field_title=&#8221; &#8221; field_type=&#8221;checkbox&#8221; checkbox_options=&#8221;%91{%22value%22:%22Va llegir i acceptar la Pol\u00edtica de Privacitat.%22,%22checked%22:0,%22dragID%22:-1,%22link_url%22:%22https:\\\/\\\/tienda.infomueble.es\\\/legales\\\/#privacidad%22}%93&#8243; fullwidth_field=&#8221;on&#8221; _builder_version=&#8221;4.25.1&#8243; _module_preset=&#8221;default&#8221; form_field_font_size=&#8221;13px&#8221; use_required_asterisk=&#8221;off&#8221; global_colors_info=&#8221;{}&#8221;][\/et_pb_contact_field][\/et_pb_contact_form][\/et_pb_column][et_pb_column type=&#8221;1_2&#8243; _builder_version=&#8221;4.16&#8243; custom_padding=&#8221;|||&#8221; global_colors_info=&#8221;{}&#8221; custom_padding__hover=&#8221;|||&#8221;][et_pb_text _builder_version=&#8221;4.16&#8243; text_font=&#8221;||||||||&#8221; text_font_size=&#8221;24px&#8221; header_font=&#8221;||||||||&#8221; header_2_font=&#8221;Montserrat|700|||||||&#8221; header_2_text_align=&#8221;center&#8221; header_2_text_color=&#8221;#000000&#8243; header_2_font_size=&#8221;18px&#8221; custom_padding=&#8221;11px|||||&#8221; global_colors_info=&#8221;{}&#8221;]<\/p>\n<h2>VISITI LA NOSTRA EXPOSICI\u00d3<br \/> DE MOBLES D&#8217;OFICINA<\/h2>\n<p>[\/et_pb_text][et_pb_blurb title=&#8221;Ubicaci\u00f3&#8221; url=&#8221;https:\/\/goo.gl\/maps\/HpWNpNe1RNxAc7RB8&#8243; use_icon=&#8221;on&#8221; font_icon=&#8221;&#xe081;||divi||400&#8243; image_icon_width=&#8221;30px&#8221; _builder_version=&#8221;4.16&#8243; header_font=&#8221;|700|||||||&#8221; header_text_align=&#8221;center&#8221; header_text_color=&#8221;#6d6d6d&#8221; body_font=&#8221;||||||||&#8221; body_text_align=&#8221;center&#8221; icon_font_size=&#8221;30px&#8221; global_colors_info=&#8221;{}&#8221;]<\/p>\n<p><a href=\"https:\/\/goo.gl\/maps\/HpWNpNe1RNxAc7RB8\">Gremi Boneters, 54<\/a><br \/><a href=\"https:\/\/goo.gl\/maps\/HpWNpNe1RNxAc7RB8\"> Pol\u00edgon Son Castell\u00f3 07009.<\/a><br \/><a href=\"https:\/\/goo.gl\/maps\/HpWNpNe1RNxAc7RB8\"> Palma. Illes Balears.<\/a><\/p>\n<p>[\/et_pb_blurb][et_pb_blurb title=&#8221;Tel\u00e8fon&#8221; use_icon=&#8221;on&#8221; font_icon=&#8221;&#xe090;||divi||400&#8243; image_icon_width=&#8221;30px&#8221; _builder_version=&#8221;4.24.2&#8243; header_font=&#8221;|700|||||||&#8221; header_text_align=&#8221;center&#8221; header_text_color=&#8221;#6d6d6d&#8221; body_font=&#8221;||||||||&#8221; body_text_align=&#8221;center&#8221; body_link_text_color=&#8221;#652B31&#8243; body_link_font_size=&#8221;18px&#8221; link_option_url=&#8221;tel:+34971293947&#8243; icon_font_size=&#8221;30px&#8221; global_colors_info=&#8221;{}&#8221;]<\/p>\n<p><span style=\"color: #333333;\"><a href=\"tel:+34971293947\" style=\"color: #333333;\">971 29 39 47<\/a><\/span><\/p>\n<p>[\/et_pb_blurb][et_pb_blurb title=&#8221;E-mail&#8221; use_icon=&#8221;on&#8221; font_icon=&#8221;&#xe076;||divi||400&#8243; image_icon_width=&#8221;30px&#8221; _builder_version=&#8221;4.24.2&#8243; header_font=&#8221;|700|||||||&#8221; header_text_align=&#8221;center&#8221; header_text_color=&#8221;#6d6d6d&#8221; body_font=&#8221;||||||||&#8221; body_text_align=&#8221;center&#8221; body_font_size=&#8221;18px&#8221; icon_font_size=&#8221;30px&#8221; global_colors_info=&#8221;{}&#8221;]<\/p>\n<p><a href=\"mailto:info@infomueble.es\">info@infomueble.es<\/a><\/p>\n<p>[\/et_pb_blurb][et_pb_text _builder_version=&#8221;4.16&#8243; text_font=&#8221;||||||||&#8221; text_font_size=&#8221;24px&#8221; header_font=&#8221;||||||||&#8221; header_2_font=&#8221;Montserrat||||||||&#8221; header_2_text_align=&#8221;center&#8221; header_2_text_color=&#8221;#652b31&#8243; header_2_font_size=&#8221;18px&#8221; custom_padding=&#8221;7px|||||&#8221; global_colors_info=&#8221;{}&#8221;]<\/p>\n<h2>TRANSPORT I MUNTATGE GRATU\u00cfT<\/h2>\n<p>[\/et_pb_text][\/et_pb_column][\/et_pb_row][\/et_pb_section]<\/p>\n","protected":false},"excerpt":{"rendered":"<p>VISITI LA NOSTRA EXPOSICI\u00d3 DE MOBLES D&#8217;OFICINAGremi Boneters, 54 Pol\u00edgon Son Castell\u00f3 07009. Palma. Illes Balears.971 29 39 47info@infomueble.esTRANSPORT I MUNTATGE GRATU\u00cfT<\/p>\n","protected":false},"author":1,"featured_media":0,"parent":0,"menu_order":0,"comment_status":"closed","ping_status":"closed","template":"","meta":{"_et_pb_use_builder":"on","_et_pb_old_content":"","_et_gb_content_width":"","footnotes":""},"class_list":["post-5074","page","type-page","status-publish","hentry"],"_links":{"self":[{"href":"https:\/\/tienda.infomueble.es\/ca\/wp-json\/wp\/v2\/pages\/5074","targetHints":{"allow":["GET"]}}],"collection":[{"href":"https:\/\/tienda.infomueble.es\/ca\/wp-json\/wp\/v2\/pages"}],"about":[{"href":"https:\/\/tienda.infomueble.es\/ca\/wp-json\/wp\/v2\/types\/page"}],"author":[{"embeddable":true,"href":"https:\/\/tienda.infomueble.es\/ca\/wp-json\/wp\/v2\/users\/1"}],"replies":[{"embeddable":true,"href":"https:\/\/tienda.infomueble.es\/ca\/wp-json\/wp\/v2\/comments?post=5074"}],"version-history":[{"count":5,"href":"https:\/\/tienda.infomueble.es\/ca\/wp-json\/wp\/v2\/pages\/5074\/revisions"}],"predecessor-version":[{"id":5815,"href":"https:\/\/tienda.infomueble.es\/ca\/wp-json\/wp\/v2\/pages\/5074\/revisions\/5815"}],"wp:attachment":[{"href":"https:\/\/tienda.infomueble.es\/ca\/wp-json\/wp\/v2\/media?parent=5074"}],"curies":[{"name":"wp","href":"https:\/\/api.w.org\/{rel}","templated":true}]}}