{"id":5082,"date":"2020-10-15T14:08:50","date_gmt":"2020-10-15T12:08:50","guid":{"rendered":"https:\/\/tienda.infomueble.es\/legals\/"},"modified":"2022-08-08T10:21:08","modified_gmt":"2022-08-08T08:21:08","slug":"legals","status":"publish","type":"page","link":"https:\/\/tienda.infomueble.es\/ca\/legals\/","title":{"rendered":"Legals"},"content":{"rendered":"<p>[et_pb_section fb_built=&#8221;1&#8243; _builder_version=&#8221;4.6.5&#8243; _module_preset=&#8221;default&#8221;][et_pb_row module_id=&#8221;aviso&#8221; _builder_version=&#8221;4.6.5&#8243; _module_preset=&#8221;default&#8221; custom_padding=&#8221;||20px||false|false&#8221;][et_pb_column type=&#8221;4_4&#8243; _builder_version=&#8221;4.6.5&#8243; _module_preset=&#8221;default&#8221;][et_pb_text _builder_version=&#8221;4.6.5&#8243; _module_preset=&#8221;default&#8221; header_2_font=&#8221;|600|||||||&#8221; header_2_font_size=&#8221;21px&#8221; custom_margin=&#8221;||0px||false|false&#8221;]<\/p>\n<h2>Av\u00eds legal<\/h2>\n<p>[\/et_pb_text][et_pb_text _builder_version=&#8221;4.6.5&#8243; _module_preset=&#8221;default&#8221; header_2_font=&#8221;|600|||||||&#8221; header_2_font_size=&#8221;21px&#8221;]<\/p>\n<div><strong>Titular<\/strong>: Infomueble, S.L.<\/div>\n<div><strong>Registre mercantil<\/strong>: Inscripci\u00f3 1\u00aa 10\/12\/91 Tom 864 Foli 4 Full PM 2714<\/div>\n<div><strong>NIF<\/strong>: B-07111024<\/div>\n<div><strong>Domicili<\/strong>: Gremi Boneters, 54. Palma. Islas Baleares.<\/div>\n<div><strong>Lloc Web<\/strong>: <a href=\"http:\/\/www.infomueble.es\/\" target=\"_blank\" data-saferedirecturl=\"https:\/\/www.google.com\/url?q=http:\/\/www.infomueble.es&amp;source=gmail&amp;ust=1602848538976000&amp;usg=AFQjCNEasNX0hN7EbOnY0c74nSoYt69BTg\" rel=\"noopener noreferrer\">www.infomueble.es<\/a><\/div>\n<p>[\/et_pb_text][\/et_pb_column][\/et_pb_row][et_pb_row module_id=&#8221;privacidad&#8221; _builder_version=&#8221;4.6.5&#8243; _module_preset=&#8221;default&#8221; custom_padding=&#8221;||20px||false|false&#8221;][et_pb_column type=&#8221;4_4&#8243; _builder_version=&#8221;4.6.5&#8243; _module_preset=&#8221;default&#8221;][et_pb_text _builder_version=&#8221;4.6.5&#8243; _module_preset=&#8221;default&#8221; header_2_font=&#8221;|600|||||||&#8221; header_2_font_size=&#8221;21px&#8221; custom_margin=&#8221;||0px||false|false&#8221;]<\/p>\n<h2>Pol\u00edtica de privacitat<\/h2>\n<p>[\/et_pb_text][et_pb_text _builder_version=&#8221;4.6.5&#8243; _module_preset=&#8221;default&#8221; header_2_font=&#8221;|600|||||||&#8221; header_2_font_size=&#8221;21px&#8221;]<\/p>\n<div>\n<p>El present Pol\u00edtica de Privacitat estableix els termes en qu\u00e8 Infomueble, S.L. usa i protegeix la informaci\u00f3 que \u00e9s proporcionada pels seus usuaris al moment d&#8217;utilitzar el seu lloc web. Aquesta companyia est\u00e0 compromesa amb la seguretat de les dades dels seus usuaris. Quan li demanem omplir els camps d&#8217;informaci\u00f3 personal amb la qual vost\u00e8 pugui ser identificat, ho fem assegurant que nom\u00e9s s&#8217;emprar\u00e0 d&#8217;acord amb els termes d&#8217;aquest document. No obstant aix\u00f2 aquesta Pol\u00edtica de Privacitat pot canviar amb el temps o ser actualitzada pel que li recomanem i emfatitzem revisar cont\u00ednuament aquesta p\u00e0gina per a assegurar-se que est\u00e0 d&#8217;acord amb aquests canvis.<\/p>\n<p><strong>Informaci\u00f3 que es recogida<br \/><\/strong>El nostre lloc web podr\u00e0 recollir informaci\u00f3 personal per exemple: Nom, informaci\u00f3 de contacte com la seva adre\u00e7a de correu electr\u00f2nica i informaci\u00f3 demogr\u00e0fica. Aix\u00ed mateix quan sigui necessari podr\u00e0 ser requerida informaci\u00f3 espec\u00edfica per a processar alguna comanda o realitzar un lliurament o facturaci\u00f3.<\/p>\n<p><strong>\u00das de la informaci\u00f3 recollida<\/strong><br \/> El nostre lloc web empra la informaci\u00f3 amb la finalitat de proporcionar el millor servei possible, particularment per a mantenir un registre d&#8217;usuaris, de comandes en cas que aplicaci\u00f3, i millorar els nostres productes i serveis. \u00c9s possible que siguin enviats correus electr\u00f2nics peri\u00f2dicament a trav\u00e9s del nostre lloc amb ofertes especials, nous productes i una altra informaci\u00f3 publicit\u00e0ria que considerem rellevant per a vost\u00e8 o que pugui brindar-li algun benefici, aquests correus electr\u00f2nics seran enviats a l&#8217;adre\u00e7a que vost\u00e8 proporcioni i podran ser cancel\u00b7lats en qualsevol moment.<\/p>\n<p>Infomueble, S.L. est\u00e0 altament comprom\u00e8s per a complir amb el comprom\u00eds de mantenir la seva informaci\u00f3 segura. Usem els sistemes m\u00e9s avan\u00e7ats i els actualitzem constantment per a assegurar-nos que no existeixi cap acc\u00e9s no autoritzat.<\/p>\n<p><strong>Galetes<\/strong><br \/> Una galeta es refereix a un fitxer que \u00e9s enviat amb la finalitat de sol\u00b7licitar perm\u00eds per a emmagatzemar-se en el seu ordinador, en acceptar aquest fitxer es crea i la galeta serveix llavors per a tenir informaci\u00f3 respecte al tr\u00e0nsit web, i tamb\u00e9 facilita les futures visites a una web recurrent. Una altra funci\u00f3 que tenen les cookies \u00e9s que amb elles les web poden recon\u00e8ixer-te individualment i per tant brindar-te el millor servei personalitzat del seu web.<\/p>\n<p>El nostre lloc web empra les cookies per a poder identificar les p\u00e0gines que s\u00f3n visitades i la seva freq\u00fc\u00e8ncia. Aquesta informaci\u00f3 \u00e9s emprada \u00fanicament per a an\u00e0lisi estad\u00edstica i despr\u00e9s la informaci\u00f3 s&#8217;elimina de manera permanent. Vost\u00e8 pot eliminar les cookies en qualsevol moment des del seu ordinador. No obstant aix\u00f2 les cookies ajuden a proporcionar un millor servei dels llocs web, est\u00e0s no donen acc\u00e9s a informaci\u00f3 del seu ordinador ni de vost\u00e8, a menys que vost\u00e8 aix\u00ed ho vulgui i la proporcioni directament, . Vost\u00e8 pot acceptar o negar l&#8217;\u00fas de cookies, no obstant aix\u00f2 la majoria de navegadors accepten cookies autom\u00e0ticament perqu\u00e8 serveix per a tenir un millor servei web. Tamb\u00e9 vost\u00e8 pot canviar la configuraci\u00f3 del seu ordinador per a declinar les galetes. Si es declinen \u00e9s possible que no pugui utilitzar alguns dels nostres serveis.<\/p>\n<p><strong>Enlla\u00e7os als Tercers<\/strong><br \/> Aquest lloc web pogu\u00e9s contenir enlla\u00e7os a altres llocs que poguessin ser del seu inter\u00e8s. Una vegada que vost\u00e8 de clic en aquests enlla\u00e7os i abandoni la nostra p\u00e0gina, ja no tenim control sobre al lloc al qual \u00e9s redirigit i per tant no som responsables dels termes o privacitat ni de la protecci\u00f3 de les seves dades en aquests altres llocs tercers. Aquests llocs estan subjectes a les seves pr\u00f2pies pol\u00edtiques de privacitat per la qual cosa \u00e9s recomanable que els consulti per a confirmar que vost\u00e8 est\u00e0 d&#8217;acord amb aquestes.<\/p>\n<p><strong>Control de la seva informaci\u00f3 personal<\/strong><br \/> En qualsevol moment vost\u00e8 pot restringir la recopilaci\u00f3 o l&#8217;\u00fas de la informaci\u00f3 personal que \u00e9s proporcionada al nostre lloc web. Cada vegada que se li sol\u00b7liciti emplenar un formulari, com el d&#8217;alta d&#8217;usuari, pot marcar o desmarcar l&#8217;opci\u00f3 de rebre informaci\u00f3 per correu electr\u00f2nic. En cas que hagi marcat l&#8217;opci\u00f3 de rebre el nostre butllet\u00ed o publicitat vost\u00e8 pot cancel\u00b7lar-la en qualsevol moment.<\/p>\n<p>Aquesta companyia no vendr\u00e0, cedir\u00e0 ni distribuir\u00e0 la informaci\u00f3 personal que \u00e9s recopilada sense el seu consentiment, tret que sigui requerit per un jutge amb un ordre judicial.<\/p>\n<p>Infomueble, S.L. Es reserva el dret de canviar els termes de la present Pol\u00edtica de Privacitat en qualsevol moment.<\/p>\n<p><a href=\"http:\/\/www.infomueble.es\/\" target=\"_blank\" data-saferedirecturl=\"https:\/\/www.google.com\/url?q=http:\/\/www.infomueble.es&amp;source=gmail&amp;ust=1602848538976000&amp;usg=AFQjCNEasNX0hN7EbOnY0c74nSoYt69BTg\" rel=\"noopener noreferrer\">www.infomueble.es<\/a><\/p>\n<p><strong>Ajorna&#8217;m<\/strong><br \/><span>L&#8217;usuari accepta que totes les seves dades de car\u00e0cter personal siguin \u00edntegrament cedits a Ajorna&#8217;m des del moment en qu\u00e8 l&#8217;usuari hagi iniciat la contractaci\u00f3 del servei de pagament ajornat ofert per aquesta \u00faltima en el moment de triar la forma de pagament. <\/span><span>Aquesta acceptaci\u00f3 s&#8217;est\u00e9n a terceres entitats que haguessin d&#8217;accedir als fitxers per al bon fi del contracte.<\/span><\/p>\n<\/div>\n<p>[\/et_pb_text][\/et_pb_column][\/et_pb_row][et_pb_row module_id=&#8221;cookies&#8221; _builder_version=&#8221;4.6.5&#8243; _module_preset=&#8221;default&#8221; custom_padding=&#8221;||20px||false|false&#8221;][et_pb_column type=&#8221;4_4&#8243; _builder_version=&#8221;4.6.5&#8243; _module_preset=&#8221;default&#8221;][et_pb_text _builder_version=&#8221;4.6.5&#8243; _module_preset=&#8221;default&#8221; header_2_font=&#8221;|600|||||||&#8221; header_2_font_size=&#8221;21px&#8221; custom_margin=&#8221;||0px||false|false&#8221;]<\/p>\n<h2>Pol\u00edtica de galetes<\/h2>\n<p>[\/et_pb_text][et_pb_text _builder_version=&#8221;4.6.5&#8243; _module_preset=&#8221;default&#8221; header_2_font=&#8221;|600|||||||&#8221; header_2_font_size=&#8221;21px&#8221;]<\/p>\n<p>En compliment amb el que es disposa en l&#8217;article 22.2 de la Llei 34\/2002, d&#8217;11 de juliol, de Serveis de la Societat de la Informaci\u00f3 i de Comer\u00e7 Electr\u00f2nic, aquesta p\u00e0gina web l&#8217;informa, en aquesta secci\u00f3, sobre la pol\u00edtica de recollida i tractament de galetes.<\/p>\n<p><strong>Qu\u00e8 s\u00f3n les galetes?<\/strong><br \/>Una galeta \u00e9s un fitxer que es descarrega en el seu ordinador en accedir a determinades p\u00e0gines web. Les galetes permeten a una p\u00e0gina web, entre altres coses, emmagatzemar i recuperar informaci\u00f3 sobre els h\u00e0bits de navegaci\u00f3 d&#8217;un usuari o del seu equip i, depenent de la informaci\u00f3 que continguin i de la forma en qu\u00e8 utilitzi el seu equip, poden utilitzar-se per a recon\u00e8ixer a l&#8217;usuari.<\/p>\n<p><strong>Quins tipus de galetes utilitza aquesta p\u00e0gina web?<\/strong><br \/>Galetes d&#8217;an\u00e0lisis &#8211; S\u00f3n aquelles que ben tractades per nosaltres o per tercers, ens permeten quantificar el nombre d&#8217;usuaris i aix\u00ed realitzar el mesurament i an\u00e0lisi estad\u00edstica de la utilitzaci\u00f3 que fan els usuaris del servei ofert. Per a aix\u00f2 s&#8217;analitza la seva navegaci\u00f3 en la nostra p\u00e0gina web amb la finalitat de millorar l&#8217;oferta de productes o serveis que li oferim.<\/p>\n<p><strong>Com desactivar les Galetes<\/strong><br \/>Pot vost\u00e8 permetre, bloquejar o eliminar les cookies instal\u00b7lades en el seu equip mitjan\u00e7ant la configuraci\u00f3 de les opcions del navegador instal\u00b7lat en el seu ordinador.<\/p>\n<p><strong>Galetes de Tercers<\/strong><br \/>Aquesta p\u00e0gina web utilitza serveis de tercers per a recopilar informaci\u00f3 amb finalitats estad\u00edstics i d&#8217;\u00fas de la web.<\/p>\n<p>[\/et_pb_text][\/et_pb_column][\/et_pb_row][et_pb_row module_id=&#8221;devoluciones&#8221; _builder_version=&#8221;4.6.5&#8243; _module_preset=&#8221;default&#8221; custom_padding=&#8221;||20px||false|false&#8221;][et_pb_column type=&#8221;4_4&#8243; _builder_version=&#8221;4.6.5&#8243; _module_preset=&#8221;default&#8221;][et_pb_text _builder_version=&#8221;4.6.5&#8243; _module_preset=&#8221;default&#8221; header_2_font=&#8221;|600|||||||&#8221; header_2_font_size=&#8221;21px&#8221; custom_margin=&#8221;||0px||false|false&#8221;]<\/p>\n<h2>Pol\u00edtica de devolucions<\/h2>\n<p>[\/et_pb_text][et_pb_text _builder_version=&#8221;4.6.5&#8243; _module_preset=&#8221;default&#8221; header_2_font=&#8221;|600|||||||&#8221; header_2_font_size=&#8221;21px&#8221;]<\/p>\n<p>La nostra pol\u00edtica, complint amb la normativa vigent, \u00e9s concedir-li el dret de retornar qualsevol article comprat en Infomueble en el termini de 15 dies des de la data de recepci\u00f3.<br \/>Per a realitzar la devoluci\u00f3, el producte haur\u00e0 d&#8217;estar en perfectes condicions, amb totes les etiquetes adjuntes, en el seu embalatge original i amb qualsevol altre producte promocional incl\u00f2s. Com quan ho vas rebre, sense haver estat utilitzat ni manipulat.<br \/>Per a la gesti\u00f3 de les devolucions el client enviar\u00e0 el paquet amb l&#8217;empresa de missatgeria a la seva elecci\u00f3 i ports al seu c\u00e0rrec.<br \/>Si el canvi o devoluci\u00f3 es realitza a la nostra botiga f\u00edsica ser\u00e0 gratu\u00eft.<br \/>Per a la tramitaci\u00f3 haur\u00e0 de posar-se en contacte amb Guillermo Lliteras.<br \/>\u00c9s important que a l&#8217;hora d&#8217;empaquetar l&#8217;article no es produeixin danys en l&#8217;embalatge original. En el cas que es retorni sense aquests embalatges originals o amb desperfectes, l&#8217;import que s&#8217;abonar\u00e0 al client per la devoluci\u00f3 del producte ser\u00e0 disminu\u00eft en la quantitat que correspongui segons l&#8217;estat del producte retornat.<br \/>Una vegada rebut el producte en els nostres magatzems i pr\u00e8via comprovaci\u00f3 de l&#8217;estat d&#8217;aquest, es procedir\u00e0 al reintegrament del seu import a trav\u00e9s de la forma de pagament utilitzada en la compra.<br \/>Si el canvi o devoluci\u00f3 procedeix de Ceuta, Melilla, Can\u00e0ries o Internacional, tant els costos de devoluci\u00f3 com les despeses duaneres i impostos locals, seran responsabilitat del client.<br \/>Si el producte no correspon amb la comanda realitzada pel client, Infomueble carregar\u00e0 amb totes les despeses. Per a realitzar qualsevol gesti\u00f3 ser\u00e0 necessari presentar la factura original de compra emesa per Infomueble. No es realitzar\u00e0 cap enviament de mercaderia fins que s&#8217;hagi rebut l&#8217;article objecte de devoluci\u00f3 en el nostre magatzem i s&#8217;hagi comprovat que torna en perfectes condicions. Una vegada h\u00e0gim contactat amb el client procedirem a la recollida del producte, totalment gratu\u00efta i es tramitar\u00e0 la incid\u00e8ncia.<\/p>\n<p>[\/et_pb_text][\/et_pb_column][\/et_pb_row][\/et_pb_section]<\/p>\n","protected":false},"excerpt":{"rendered":"<p>Av\u00eds legalTitular: Infomueble, S.L. Registre mercantil: Inscripci\u00f3 1\u00aa 10\/12\/91 Tom 864 Foli 4 Full PM 2714 NIF: B-07111024 Domicili: Gremi Boneters, 54. Palma. Islas Baleares. Lloc Web: www.infomueble.esPol\u00edtica de privacitat El present Pol\u00edtica de Privacitat estableix els termes en qu\u00e8 Infomueble, S.L. usa i protegeix la informaci\u00f3 que \u00e9s proporcionada pels seus usuaris al moment [&hellip;]<\/p>\n","protected":false},"author":1,"featured_media":0,"parent":0,"menu_order":0,"comment_status":"closed","ping_status":"closed","template":"","meta":{"_et_pb_use_builder":"on","_et_pb_old_content":"","_et_gb_content_width":"","footnotes":""},"class_list":["post-5082","page","type-page","status-publish","hentry"],"_links":{"self":[{"href":"https:\/\/tienda.infomueble.es\/ca\/wp-json\/wp\/v2\/pages\/5082","targetHints":{"allow":["GET"]}}],"collection":[{"href":"https:\/\/tienda.infomueble.es\/ca\/wp-json\/wp\/v2\/pages"}],"about":[{"href":"https:\/\/tienda.infomueble.es\/ca\/wp-json\/wp\/v2\/types\/page"}],"author":[{"embeddable":true,"href":"https:\/\/tienda.infomueble.es\/ca\/wp-json\/wp\/v2\/users\/1"}],"replies":[{"embeddable":true,"href":"https:\/\/tienda.infomueble.es\/ca\/wp-json\/wp\/v2\/comments?post=5082"}],"version-history":[{"count":5,"href":"https:\/\/tienda.infomueble.es\/ca\/wp-json\/wp\/v2\/pages\/5082\/revisions"}],"predecessor-version":[{"id":5202,"href":"https:\/\/tienda.infomueble.es\/ca\/wp-json\/wp\/v2\/pages\/5082\/revisions\/5202"}],"wp:attachment":[{"href":"https:\/\/tienda.infomueble.es\/ca\/wp-json\/wp\/v2\/media?parent=5082"}],"curies":[{"name":"wp","href":"https:\/\/api.w.org\/{rel}","templated":true}]}}