{"id":5112,"date":"2021-05-25T19:49:55","date_gmt":"2021-05-25T17:49:55","guid":{"rendered":"https:\/\/tienda.infomueble.es\/producto\/taula-elevable-model-icaro-blanca\/"},"modified":"2021-05-25T19:49:55","modified_gmt":"2021-05-25T17:49:55","slug":"mesa-elevable-modelo-icaro-blanca-2","status":"publish","type":"product","link":"https:\/\/tienda.infomueble.es\/ca\/producto\/mesa-elevable-modelo-icaro-blanca-2\/","title":{"rendered":"Taula elevable model Icaro Blanca"},"content":{"rendered":"","protected":false},"excerpt":{"rendered":"<p>&nbsp;<\/p>\n<hr>\n<h4><span style=\"font-family: helvetica, arial, sans-serif; color: #333333;\">CARACTER\u00cdSTIQUES<\/span><\/h4>\n<hr>\n<ul>\n<li><strong>Taula<\/strong><strong> :<\/strong> 180 x 80 x 74 cm. Bimelaminat de 30 mm, cantejat en PVC. Sobre blanc soft.<\/li>\n<li><strong>Estructura : <\/strong>Elevable. Amb sistema de motor que permet l&#8217;ajust de l&#8217;altura de forma suau mitjan\u00e7ant comandament amb dos botons. Amb software de protecci\u00f3 que detecta autom\u00e0ticament errors. Amb anivelladors de s\u00f2l.<\/li>\n<li><strong>Altura m\u00ednima :<\/strong> 760 mm. <strong>Altura m\u00e0xima :<\/strong> 1240 mm. <strong>Carga m\u00e0xima :<\/strong> 80 kg.<\/li>\n<li>Potes anivelladores d&#8217;acer de m\u00e8trica 8 mm amb part inferior d&#8217;ABS ultraresistente.<\/li>\n<li>Tots els par\u00e0metres es troben totalment cantejats i segellats amb cola eva termofusible a 200\u00ba.<\/li>\n<li>L&#8217;interior del tauler est\u00e0 compost per aglomerat de part\u00edcules de fusta d&#8217;alta densitat.<\/li>\n<\/ul>\n<p>&nbsp;<\/p>\n<h6><span style=\"font-family: helvetica, arial, sans-serif; color: #520606;\">TRANSPORT I MUNTATGE INCL\u00d2S A MALLORCA<\/span><\/h6>\n<h6><span style=\"font-family: helvetica, arial, sans-serif; color: #520606;\"> 3 ANYS DE GARANTIA<\/span><\/h6>\n","protected":false},"featured_media":4653,"template":"","meta":{"_et_pb_use_builder":"","_et_pb_old_content":"","_et_gb_content_width":""},"product_brand":[],"product_cat":[144,107],"product_tag":[],"class_list":{"0":"post-5112","1":"product","2":"type-product","3":"status-publish","4":"has-post-thumbnail","6":"product_cat-elevables-stock-ca","7":"product_cat-taules","9":"first","10":"instock","11":"sale","12":"taxable","13":"shipping-taxable","14":"purchasable","15":"product-type-simple"},"_links":{"self":[{"href":"https:\/\/tienda.infomueble.es\/ca\/wp-json\/wp\/v2\/product\/5112","targetHints":{"allow":["GET"]}}],"collection":[{"href":"https:\/\/tienda.infomueble.es\/ca\/wp-json\/wp\/v2\/product"}],"about":[{"href":"https:\/\/tienda.infomueble.es\/ca\/wp-json\/wp\/v2\/types\/product"}],"wp:featuredmedia":[{"embeddable":true,"href":"https:\/\/tienda.infomueble.es\/ca\/wp-json\/wp\/v2\/media\/4653"}],"wp:attachment":[{"href":"https:\/\/tienda.infomueble.es\/ca\/wp-json\/wp\/v2\/media?parent=5112"}],"wp:term":[{"taxonomy":"product_brand","embeddable":true,"href":"https:\/\/tienda.infomueble.es\/ca\/wp-json\/wp\/v2\/product_brand?post=5112"},{"taxonomy":"product_cat","embeddable":true,"href":"https:\/\/tienda.infomueble.es\/ca\/wp-json\/wp\/v2\/product_cat?post=5112"},{"taxonomy":"product_tag","embeddable":true,"href":"https:\/\/tienda.infomueble.es\/ca\/wp-json\/wp\/v2\/product_tag?post=5112"}],"curies":[{"name":"wp","href":"https:\/\/api.w.org\/{rel}","templated":true}]}}