{"id":5224,"date":"2022-09-07T11:18:46","date_gmt":"2022-09-07T09:18:46","guid":{"rendered":"https:\/\/tienda.infomueble.es\/producto\/cadira-giratoria-model-adapta-sense-bracos\/"},"modified":"2022-09-07T11:18:46","modified_gmt":"2022-09-07T09:18:46","slug":"cadira-giratoria-model-adapta-sense-bracos","status":"publish","type":"product","link":"https:\/\/tienda.infomueble.es\/ca\/producto\/cadira-giratoria-model-adapta-sense-bracos\/","title":{"rendered":"Cadira girat\u00f2ria model Adapta sense bra\u00e7os"},"content":{"rendered":"","protected":false},"excerpt":{"rendered":"<p>&nbsp;<\/p>\n<hr>\n<h4><span style=\"font-family: helvetica, arial, sans-serif;\">CARACTER\u00cdSTIQUES<\/span><\/h4>\n<hr>\n<p>&nbsp;<\/p>\n<ul>\n<li><span style=\"font-family: helvetica, arial, sans-serif; color: #808080;\">Respatller fabricat en polipropil\u00e8, omplert de goma flexible d&#8217;alta densitat. Amb regulaci\u00f3 d&#8217;altura. Entapissat negre.<\/span><\/li>\n<li><span style=\"font-family: helvetica, arial, sans-serif; color: #808080;\">Seient amb interior de fusta contraxapada de faig, amb farciment de goma flexible d&#8217;alta densitat. Color negre.<\/span><\/li>\n<li><span style=\"font-family: helvetica, arial, sans-serif; color: #808080;\">Mecanisme syncro. Permet la regular la inclinaci\u00f3 del suport i el grau d&#8217;inclinaci\u00f3 del seient de manera independent.<\/span><\/li>\n<li><span style=\"font-family: helvetica, arial, sans-serif; color: #808080;\">Bra\u00e7os en injecci\u00f3 de polipropil\u00e8 negre. Regulables en altura 11 cm, amb 10 posicions de bloqueig.<\/span><\/li>\n<li><span style=\"font-family: helvetica, arial, sans-serif; color: #808080;\">Regulaci\u00f3 d&#8217;altura mitjan\u00e7ant pist\u00f3 de gas.<\/span><\/li>\n<li><span style=\"font-family: helvetica, arial, sans-serif; color: #808080;\">Base piramidal de nil\u00f3 negre amb 5 radis refor\u00e7ada amb un 30% de fibra de vidre. 63 cm de di\u00e0metre.<\/span><\/li>\n<li><span style=\"font-family: helvetica, arial, sans-serif; color: #808080;\">Rodes model Style amb perfil baix de rodadura silenciosa i suau. Fabricat en nil\u00f3, pvc i acer.<\/span><\/li>\n<\/ul>\n<p>&nbsp;<\/p>\n<h6><span style=\"font-family: helvetica, arial, sans-serif; color: #520606;\">TRANSPORT I MUNTATGE INCL\u00d2S A MALLORCA.<\/span><\/h6>\n<h6><span style=\"font-family: helvetica, arial, sans-serif; color: #520606;\">3 ANYS DE GARANTIA<\/span><\/h6>\n","protected":false},"featured_media":5223,"template":"","meta":{"_et_pb_use_builder":"","_et_pb_old_content":"","_et_gb_content_width":""},"product_brand":[],"product_cat":[104,110],"product_tag":[],"class_list":{"0":"post-5224","1":"product","2":"type-product","3":"status-publish","4":"has-post-thumbnail","6":"product_cat-cadires","7":"product_cat-operatives","9":"first","10":"onbackorder","11":"taxable","12":"shipping-taxable","13":"purchasable","14":"product-type-simple"},"_links":{"self":[{"href":"https:\/\/tienda.infomueble.es\/ca\/wp-json\/wp\/v2\/product\/5224","targetHints":{"allow":["GET"]}}],"collection":[{"href":"https:\/\/tienda.infomueble.es\/ca\/wp-json\/wp\/v2\/product"}],"about":[{"href":"https:\/\/tienda.infomueble.es\/ca\/wp-json\/wp\/v2\/types\/product"}],"wp:featuredmedia":[{"embeddable":true,"href":"https:\/\/tienda.infomueble.es\/ca\/wp-json\/wp\/v2\/media\/5223"}],"wp:attachment":[{"href":"https:\/\/tienda.infomueble.es\/ca\/wp-json\/wp\/v2\/media?parent=5224"}],"wp:term":[{"taxonomy":"product_brand","embeddable":true,"href":"https:\/\/tienda.infomueble.es\/ca\/wp-json\/wp\/v2\/product_brand?post=5224"},{"taxonomy":"product_cat","embeddable":true,"href":"https:\/\/tienda.infomueble.es\/ca\/wp-json\/wp\/v2\/product_cat?post=5224"},{"taxonomy":"product_tag","embeddable":true,"href":"https:\/\/tienda.infomueble.es\/ca\/wp-json\/wp\/v2\/product_tag?post=5224"}],"curies":[{"name":"wp","href":"https:\/\/api.w.org\/{rel}","templated":true}]}}