{"id":5279,"date":"2022-12-16T12:44:06","date_gmt":"2022-12-16T11:44:06","guid":{"rendered":"https:\/\/tienda.infomueble.es\/producto\/taula-auxiliar-metallica-model-atenea\/"},"modified":"2022-12-16T12:44:06","modified_gmt":"2022-12-16T11:44:06","slug":"taula-auxiliar-metal%c2%b7lica-model-atenea","status":"publish","type":"product","link":"https:\/\/tienda.infomueble.es\/ca\/producto\/taula-auxiliar-metal%c2%b7lica-model-atenea\/","title":{"rendered":"Taula auxiliar met\u00e0l\u00b7lica model Atenea"},"content":{"rendered":"","protected":false},"excerpt":{"rendered":"<p>&nbsp;<\/p>\n<hr>\n<h4><span style=\"font-family: helvetica, arial, sans-serif;\">CARACTER\u00cdSTIQUES<\/span><\/h4>\n<hr>\n<p>&nbsp;<\/p>\n<ul>\n<li><span style=\"font-family: helvetica, arial, sans-serif; color: #808080;\">Estructura met\u00e0l\u00b7lica d&#8217;acer fabricada a base de varetes soldades i unides amb tres c\u00e8rcols horitzontals, formant una \u00fanica pe\u00e7a. <strong>Altura:<\/strong> 440 mm.<\/span><\/li>\n<li><span style=\"font-family: helvetica, arial, sans-serif; color: #808080;\">Tapa rodona met\u00e0l\u00b7lica fabricada en xapa d&#8217;acer de 2,5 mm. <strong>Di\u00e0metre:<\/strong> 500 mm.<\/span><\/li>\n<li><span style=\"font-family: helvetica, arial, sans-serif; color: #808080;\">Tota l&#8217;estructura est\u00e0 unida a la tapa, pintada en epoxi color vermell.<\/span><br \/>\n<h6><\/h6>\n<h6><span style=\"font-family: helvetica, arial, sans-serif; color: #520606;\">TRANSPORT I MUNTATGE INCL\u00d2S A MALLORCA.<\/span><\/h6>\n<h6><span style=\"font-family: helvetica, arial, sans-serif; color: #520606;\">3 ANYS DE GARANTIA<\/span><\/h6>\n<\/li>\n<\/ul>\n","protected":false},"featured_media":5278,"template":"","meta":{"_et_pb_use_builder":"","_et_pb_old_content":"","_et_gb_content_width":""},"product_brand":[],"product_cat":[146,107,156],"product_tag":[],"class_list":{"0":"post-5279","1":"product","2":"type-product","3":"status-publish","4":"has-post-thumbnail","6":"product_cat-sense-categoritzar","7":"product_cat-taules","8":"product_cat-taules-centre-auxiliars-stock","10":"first","11":"instock","12":"taxable","13":"shipping-taxable","14":"purchasable","15":"product-type-simple"},"_links":{"self":[{"href":"https:\/\/tienda.infomueble.es\/ca\/wp-json\/wp\/v2\/product\/5279","targetHints":{"allow":["GET"]}}],"collection":[{"href":"https:\/\/tienda.infomueble.es\/ca\/wp-json\/wp\/v2\/product"}],"about":[{"href":"https:\/\/tienda.infomueble.es\/ca\/wp-json\/wp\/v2\/types\/product"}],"wp:featuredmedia":[{"embeddable":true,"href":"https:\/\/tienda.infomueble.es\/ca\/wp-json\/wp\/v2\/media\/5278"}],"wp:attachment":[{"href":"https:\/\/tienda.infomueble.es\/ca\/wp-json\/wp\/v2\/media?parent=5279"}],"wp:term":[{"taxonomy":"product_brand","embeddable":true,"href":"https:\/\/tienda.infomueble.es\/ca\/wp-json\/wp\/v2\/product_brand?post=5279"},{"taxonomy":"product_cat","embeddable":true,"href":"https:\/\/tienda.infomueble.es\/ca\/wp-json\/wp\/v2\/product_cat?post=5279"},{"taxonomy":"product_tag","embeddable":true,"href":"https:\/\/tienda.infomueble.es\/ca\/wp-json\/wp\/v2\/product_tag?post=5279"}],"curies":[{"name":"wp","href":"https:\/\/api.w.org\/{rel}","templated":true}]}}