{"id":5287,"date":"2022-12-16T13:37:34","date_gmt":"2022-12-16T12:37:34","guid":{"rendered":"https:\/\/tienda.infomueble.es\/producto\/taula-auxiliar-metallica-model-up\/"},"modified":"2024-05-30T10:18:51","modified_gmt":"2024-05-30T08:18:51","slug":"taula-auxiliar-metal%c2%b7lica-model-up","status":"publish","type":"product","link":"https:\/\/tienda.infomueble.es\/ca\/producto\/taula-auxiliar-metal%c2%b7lica-model-up\/","title":{"rendered":"Taula auxiliar met\u00e0l\u00b7lica model Up"},"content":{"rendered":"","protected":false},"excerpt":{"rendered":"<p>&nbsp;<\/p>\n<hr>\n<h4><span style=\"font-family: helvetica, arial, sans-serif;\">CARACTER\u00cdSTIQUES<\/span><\/h4>\n<hr>\n<p>&nbsp;<\/p>\n<ul>\n<li><span style=\"font-family: helvetica, arial, sans-serif; color: #808080;\">Estructura met\u00e0l\u00b7lica formada per dos c\u00e8rcols de tub rod\u00f3 d&#8217;acer, unit per diferents tubs i varetes verticals formant una \u00fanica pe\u00e7a. <strong>Altura:<\/strong> 325 mm.<\/span><\/li>\n<li><span style=\"font-family: helvetica, arial, sans-serif; color: #808080;\">Tapa rodona met\u00e0l\u00b7lica fabricada en xapa d&#8217;acer de 2,5 mm. <strong>Di\u00e0metre:<\/strong> 500 mm.<\/span><\/li>\n<li><span style=\"font-family: helvetica, arial, sans-serif; color: #808080;\">Tota l&#8217;estructura est\u00e0 unida a la tapa, pintada en epoxi color powder.<\/span><br \/>\n<h6><\/h6>\n<h6><span style=\"font-family: helvetica, arial, sans-serif; color: #520606;\">TRANSPORT I MUNTATGE INCL\u00d2S A MALLORCA.<\/span><\/h6>\n<h6><span style=\"font-family: helvetica, arial, sans-serif; color: #520606;\">3 ANYS DE GARANTIA<\/span><\/h6>\n<\/li>\n<\/ul>\n","protected":false},"featured_media":5286,"template":"","meta":{"_et_pb_use_builder":"","_et_pb_old_content":"","_et_gb_content_width":""},"product_brand":[],"product_cat":[107,156],"product_tag":[],"class_list":{"0":"post-5287","1":"product","2":"type-product","3":"status-publish","4":"has-post-thumbnail","6":"product_cat-taules","7":"product_cat-taules-centre-auxiliars-stock","9":"first","10":"instock","11":"taxable","12":"shipping-taxable","13":"purchasable","14":"product-type-simple"},"_links":{"self":[{"href":"https:\/\/tienda.infomueble.es\/ca\/wp-json\/wp\/v2\/product\/5287","targetHints":{"allow":["GET"]}}],"collection":[{"href":"https:\/\/tienda.infomueble.es\/ca\/wp-json\/wp\/v2\/product"}],"about":[{"href":"https:\/\/tienda.infomueble.es\/ca\/wp-json\/wp\/v2\/types\/product"}],"wp:featuredmedia":[{"embeddable":true,"href":"https:\/\/tienda.infomueble.es\/ca\/wp-json\/wp\/v2\/media\/5286"}],"wp:attachment":[{"href":"https:\/\/tienda.infomueble.es\/ca\/wp-json\/wp\/v2\/media?parent=5287"}],"wp:term":[{"taxonomy":"product_brand","embeddable":true,"href":"https:\/\/tienda.infomueble.es\/ca\/wp-json\/wp\/v2\/product_brand?post=5287"},{"taxonomy":"product_cat","embeddable":true,"href":"https:\/\/tienda.infomueble.es\/ca\/wp-json\/wp\/v2\/product_cat?post=5287"},{"taxonomy":"product_tag","embeddable":true,"href":"https:\/\/tienda.infomueble.es\/ca\/wp-json\/wp\/v2\/product_tag?post=5287"}],"curies":[{"name":"wp","href":"https:\/\/api.w.org\/{rel}","templated":true}]}}