{"id":6103,"date":"2025-08-14T13:47:34","date_gmt":"2025-08-14T11:47:34","guid":{"rendered":"https:\/\/tienda.infomueble.es\/producto\/cadira-giratoria-model-comfort-arena-amb-trasla\/"},"modified":"2025-08-14T13:52:12","modified_gmt":"2025-08-14T11:52:12","slug":"cadira-giratoria-model-comfort-arena-amb-trasla","status":"publish","type":"product","link":"https:\/\/tienda.infomueble.es\/ca\/producto\/cadira-giratoria-model-comfort-arena-amb-trasla\/","title":{"rendered":"Cadira girat\u00f2ria model Comfort Arena amb trasla"},"content":{"rendered":"","protected":false},"excerpt":{"rendered":"<p>&nbsp;<\/p>\n<hr>\n<h4><span style=\"font-family: helvetica, arial, sans-serif;\">CARACTER\u00cdSTIQUES<\/span><\/h4>\n<hr>\n<p>&nbsp;<\/p>\n<ul>\n<li><span style=\"font-family: helvetica, arial, sans-serif; color: #808080;\">Respatller entapissat en malla ultra-resistent 3D, amb refor\u00e7 lumbar regulable en altura. <strong><em>ACABAT ARENA \/ BEIX <\/em><\/strong><\/span><\/li>\n<li><span style=\"color: #808080; font-family: helvetica, arial, sans-serif;\">Seient embuatat en poliuret\u00e0 d&#8217;alta densitat, entapissat en<em> <strong>VISUAL FR BEIX (resist\u00e8ncia 100.000 cicles martindale)<\/strong><\/em><\/span><\/li>\n<li><span style=\"font-family: helvetica, arial, sans-serif; color: #808080;\">Mecanisme sicro 4 posicions. Moviment de seient i respatller sincronitzat. Disposa de tres punts d&#8217;anclatge, amb palanca \u00fanica dreta; amb moviment lateral activem el mecanisme i prement cap amunt es regula l&#8217;altura del seient<em><strong>.AMB REGULADOR DE PROFUNDITAT DE SEIENT ( TRASLA )<\/strong><\/em><\/span><\/li>\n<li><span style=\"font-family: helvetica, arial, sans-serif; color: #808080;\">Base plana de nil\u00f3 negre de 68 cm de di\u00e0metre amb rodes de 50 mm de di\u00e0metre de rodadura blana aptes per totes les superf\u00edcies.<\/span><\/li>\n<li>Joc de bra\u00e7os regulables en altura.<\/li>\n<\/ul>\n<p>&nbsp;<\/p>\n<h6><span style=\"font-family: helvetica, arial, sans-serif; color: #520606;\">TRANSPORT I MUNTATGE INCL\u00d2S A MALLORCA.<\/span><\/h6>\n<h6><span style=\"font-family: helvetica, arial, sans-serif; color: #520606;\">3 ANYS DE GARANTIA<\/span><\/h6>\n","protected":false},"featured_media":6095,"template":"","meta":{"_et_pb_use_builder":"","_et_pb_old_content":"","_et_gb_content_width":""},"product_brand":[],"product_cat":[104,110],"product_tag":[],"class_list":{"0":"post-6103","1":"product","2":"type-product","3":"status-publish","4":"has-post-thumbnail","6":"product_cat-cadires","7":"product_cat-operatives","9":"first","10":"instock","11":"taxable","12":"shipping-taxable","13":"purchasable","14":"product-type-simple"},"_links":{"self":[{"href":"https:\/\/tienda.infomueble.es\/ca\/wp-json\/wp\/v2\/product\/6103","targetHints":{"allow":["GET"]}}],"collection":[{"href":"https:\/\/tienda.infomueble.es\/ca\/wp-json\/wp\/v2\/product"}],"about":[{"href":"https:\/\/tienda.infomueble.es\/ca\/wp-json\/wp\/v2\/types\/product"}],"wp:featuredmedia":[{"embeddable":true,"href":"https:\/\/tienda.infomueble.es\/ca\/wp-json\/wp\/v2\/media\/6095"}],"wp:attachment":[{"href":"https:\/\/tienda.infomueble.es\/ca\/wp-json\/wp\/v2\/media?parent=6103"}],"wp:term":[{"taxonomy":"product_brand","embeddable":true,"href":"https:\/\/tienda.infomueble.es\/ca\/wp-json\/wp\/v2\/product_brand?post=6103"},{"taxonomy":"product_cat","embeddable":true,"href":"https:\/\/tienda.infomueble.es\/ca\/wp-json\/wp\/v2\/product_cat?post=6103"},{"taxonomy":"product_tag","embeddable":true,"href":"https:\/\/tienda.infomueble.es\/ca\/wp-json\/wp\/v2\/product_tag?post=6103"}],"curies":[{"name":"wp","href":"https:\/\/api.w.org\/{rel}","templated":true}]}}