{"id":5662,"date":"2020-10-15T14:08:50","date_gmt":"2020-10-15T12:08:50","guid":{"rendered":"https:\/\/tienda.infomueble.es\/legal\/"},"modified":"2024-05-28T15:41:36","modified_gmt":"2024-05-28T13:41:36","slug":"legal","status":"publish","type":"page","link":"https:\/\/tienda.infomueble.es\/en\/legal\/","title":{"rendered":"Legal"},"content":{"rendered":"<p>[et_pb_section fb_built=&#8221;1&#8243; _builder_version=&#8221;4.6.5&#8243; _module_preset=&#8221;default&#8221;][et_pb_row module_id=&#8221;aviso&#8221; _builder_version=&#8221;4.6.5&#8243; _module_preset=&#8221;default&#8221; custom_padding=&#8221;||20px||false|false&#8221;][et_pb_column type=&#8221;4_4&#8243; _builder_version=&#8221;4.6.5&#8243; _module_preset=&#8221;default&#8221;][et_pb_text _builder_version=&#8221;4.6.5&#8243; _module_preset=&#8221;default&#8221; header_2_font=&#8221;|600|||||||&#8221; header_2_font_size=&#8221;21px&#8221; custom_margin=&#8221;||0px||false|false&#8221;]<\/p>\n<h2>Aviso legal<\/h2>\n<p>[\/et_pb_text][et_pb_text _builder_version=&#8221;4.6.5&#8243; _module_preset=&#8221;default&#8221; header_2_font=&#8221;|600|||||||&#8221; header_2_font_size=&#8221;21px&#8221;]<\/p>\n<div><strong>Titular<\/strong>: Infomueble, S.L.<\/div>\n<div><strong>Registro mercantil<\/strong>: Inscripci\u00f3n 1\u00aa 10\/12\/91 Tomo 864 Folio 4 Hoja PM 2714<\/div>\n<div><strong>NIF<\/strong>: B-07111024<\/div>\n<div><strong>Domicilio<\/strong>: Gremi Boneters, 54. Palma. Islas\u00a0Baleares.<\/div>\n<div><strong>Sitio Web<\/strong>:\u00a0<a href=\"http:\/\/www.infomueble.es\/\" target=\"_blank\" data-saferedirecturl=\"https:\/\/www.google.com\/url?q=http:\/\/www.infomueble.es&amp;source=gmail&amp;ust=1602848538976000&amp;usg=AFQjCNEasNX0hN7EbOnY0c74nSoYt69BTg\" rel=\"noopener noreferrer\">www.infomueble.es<\/a><\/div>\n<p>[\/et_pb_text][\/et_pb_column][\/et_pb_row][et_pb_row module_id=&#8221;privacidad&#8221; _builder_version=&#8221;4.6.5&#8243; _module_preset=&#8221;default&#8221; custom_padding=&#8221;||20px||false|false&#8221;][et_pb_column type=&#8221;4_4&#8243; _builder_version=&#8221;4.6.5&#8243; _module_preset=&#8221;default&#8221;][et_pb_text _builder_version=&#8221;4.6.5&#8243; _module_preset=&#8221;default&#8221; header_2_font=&#8221;|600|||||||&#8221; header_2_font_size=&#8221;21px&#8221; custom_margin=&#8221;||0px||false|false&#8221;]<\/p>\n<h2>Pol\u00edtica de privacidad<\/h2>\n<p>[\/et_pb_text][et_pb_text _builder_version=&#8221;4.6.5&#8243; _module_preset=&#8221;default&#8221; header_2_font=&#8221;|600|||||||&#8221; header_2_font_size=&#8221;21px&#8221;]<\/p>\n<div>\n<p>El presente Pol\u00edtica de Privacidad establece los t\u00e9rminos en que Infomueble, S.L. usa y protege la informaci\u00f3n que es proporcionada por sus usuarios al momento de utilizar su sitio web. Esta compa\u00f1\u00eda est\u00e1 comprometida con la seguridad de los datos de sus usuarios. Cuando le pedimos llenar los campos de informaci\u00f3n personal con la cual usted pueda ser identificado, lo hacemos asegurando que s\u00f3lo se emplear\u00e1 de acuerdo con los t\u00e9rminos de este documento. Sin embargo esta Pol\u00edtica de Privacidad puede cambiar con el tiempo o ser actualizada por lo que le recomendamos y enfatizamos revisar continuamente esta p\u00e1gina para asegurarse que est\u00e1 de acuerdo con dichos cambios.<\/p>\n<p><strong>Informaci\u00f3n que es recogida<br \/> <\/strong>Nuestro sitio web podr\u00e1 recoger informaci\u00f3n personal por ejemplo: Nombre, informaci\u00f3n de contacto como su direcci\u00f3n de correo electr\u00f3nica e informaci\u00f3n demogr\u00e1fica. As\u00ed mismo cuando sea necesario podr\u00e1 ser requerida informaci\u00f3n espec\u00edfica para procesar alg\u00fan pedido o realizar una entrega o facturaci\u00f3n.<\/p>\n<p><strong>Uso de la informaci\u00f3n recogida<\/strong><br \/> Nuestro sitio web emplea la informaci\u00f3n con el fin de proporcionar el mejor servicio posible, particularmente para mantener un registro de usuarios, de pedidos en caso que aplique, y mejorar nuestros productos y servicios. Es posible que sean enviados correos electr\u00f3nicos peri\u00f3dicamente a trav\u00e9s de nuestro sitio con ofertas especiales, nuevos productos y otra informaci\u00f3n publicitaria que consideremos relevante para usted o que pueda brindarle alg\u00fan beneficio, estos correos electr\u00f3nicos ser\u00e1n enviados a la direcci\u00f3n que usted proporcione y podr\u00e1n ser cancelados en cualquier momento.<\/p>\n<p>Infomueble, S.L. est\u00e1 altamente comprometido para cumplir con el compromiso de mantener su informaci\u00f3n segura. Usamos los sistemas m\u00e1s avanzados y los actualizamos constantemente para asegurarnos que no exista ning\u00fan acceso no autorizado.<\/p>\n<p><strong>Cookies<\/strong><br \/> Una cookie se refiere a un fichero que es enviado con la finalidad de solicitar permiso para almacenarse en su ordenador, al aceptar dicho fichero se crea y la cookie sirve entonces para tener informaci\u00f3n respecto al tr\u00e1fico web, y tambi\u00e9n facilita las futuras visitas a una web recurrente. Otra funci\u00f3n que tienen las cookies es que con ellas las web pueden reconocerte individualmente y por tanto brindarte el mejor servicio personalizado de su web.<\/p>\n<p>Nuestro sitio web emplea las cookies para poder identificar las p\u00e1ginas que son visitadas y su frecuencia. Esta informaci\u00f3n es empleada \u00fanicamente para an\u00e1lisis estad\u00edstico y despu\u00e9s la informaci\u00f3n se elimina de forma permanente. Usted puede eliminar las cookies en cualquier momento desde su ordenador. Sin embargo las cookies ayudan a proporcionar un mejor servicio de los sitios web, est\u00e1s no dan acceso a informaci\u00f3n de su ordenador ni de usted, a menos de que usted as\u00ed lo quiera y la proporcione directamente, . Usted puede aceptar o negar el uso de cookies, sin embargo la mayor\u00eda de navegadores aceptan cookies autom\u00e1ticamente pues sirve para tener un mejor servicio web. Tambi\u00e9n usted puede cambiar la configuraci\u00f3n de su ordenador para declinar las cookies. Si se declinan es posible que no pueda utilizar algunos de nuestros servicios.<\/p>\n<p><strong>Enlaces a Terceros<\/strong><br \/> Este sitio web pudiera contener en laces a otros sitios que pudieran ser de su inter\u00e9s. Una vez que usted de clic en estos enlaces y abandone nuestra p\u00e1gina, ya no tenemos control sobre al sitio al que es redirigido y por lo tanto no somos responsables de los t\u00e9rminos o privacidad ni de la protecci\u00f3n de sus datos en esos otros sitios terceros. Dichos sitios est\u00e1n sujetos a sus propias pol\u00edticas de privacidad por lo cual es recomendable que los consulte para confirmar que usted est\u00e1 de acuerdo con estas.<\/p>\n<p><strong>Control de su informaci\u00f3n personal<\/strong><br \/> En cualquier momento usted puede restringir la recopilaci\u00f3n o el uso de la informaci\u00f3n personal que es proporcionada a nuestro sitio web. Cada vez que se le solicite rellenar un formulario, como el de alta de usuario, puede marcar o desmarcar la opci\u00f3n de recibir informaci\u00f3n por correo electr\u00f3nico. En caso de que haya marcado la opci\u00f3n de recibir nuestro bolet\u00edn o publicidad usted puede cancelarla en cualquier momento.<\/p>\n<p>Esta compa\u00f1\u00eda no vender\u00e1, ceder\u00e1 ni distribuir\u00e1 la informaci\u00f3n personal que es recopilada sin su consentimiento, salvo que sea requerido por un juez con un orden judicial.<\/p>\n<p>Infomueble, S.L. Se reserva el derecho de cambiar los t\u00e9rminos de la presente Pol\u00edtica de Privacidad en cualquier momento.<\/p>\n<p><a href=\"http:\/\/www.infomueble.es\/\" target=\"_blank\" data-saferedirecturl=\"https:\/\/www.google.com\/url?q=http:\/\/www.infomueble.es&amp;source=gmail&amp;ust=1602848538976000&amp;usg=AFQjCNEasNX0hN7EbOnY0c74nSoYt69BTg\" rel=\"noopener noreferrer\">www.infomueble.es<\/a><\/p>\n<p><strong>Aplazame<\/strong><br \/><span>El usuario acepta que todos sus datos de car\u00e1cter personal sean \u00edntegramente cedidos a Aplazame desde el momento en que el usuario haya iniciado la contrataci\u00f3n del servicio de pago aplazado ofrecido por \u00e9sta \u00faltima en el momento de elegir la forma de pago.\u00a0<\/span><span>Esta aceptaci\u00f3n se extiende a terceras entidades que tuvieran que acceder a los ficheros para el buen fin del contrato.<\/span><\/p>\n<\/div>\n<p>[\/et_pb_text][\/et_pb_column][\/et_pb_row][et_pb_row module_id=&#8221;cookies&#8221; _builder_version=&#8221;4.6.5&#8243; _module_preset=&#8221;default&#8221; custom_padding=&#8221;||20px||false|false&#8221;][et_pb_column type=&#8221;4_4&#8243; _builder_version=&#8221;4.6.5&#8243; _module_preset=&#8221;default&#8221;][et_pb_text _builder_version=&#8221;4.6.5&#8243; _module_preset=&#8221;default&#8221; header_2_font=&#8221;|600|||||||&#8221; header_2_font_size=&#8221;21px&#8221; custom_margin=&#8221;||0px||false|false&#8221;]<\/p>\n<h2>Pol\u00edtica de cookies<\/h2>\n<p>[\/et_pb_text][et_pb_text _builder_version=&#8221;4.6.5&#8243; _module_preset=&#8221;default&#8221; header_2_font=&#8221;|600|||||||&#8221; header_2_font_size=&#8221;21px&#8221;]<\/p>\n<p>En cumplimiento con lo dispuesto en el art\u00edculo 22.2 de la Ley 34\/2002, de 11 de julio, de Servicios de la Sociedad de la Informaci\u00f3n y de Comercio Electr\u00f3nico, esta p\u00e1gina web le informa, en esta secci\u00f3n, sobre la pol\u00edtica de recogida y tratamiento de cookies.<\/p>\n<p><strong>\u00bfQu\u00e9 son las cookies?<\/strong><br \/>Una cookie es un fichero que se descarga en su ordenador al acceder a determinadas p\u00e1ginas web. Las cookies permiten a una p\u00e1gina web, entre otras cosas, almacenar y recuperar informaci\u00f3n sobre los h\u00e1bitos de navegaci\u00f3n de un usuario o de su equipo y, dependiendo de la informaci\u00f3n que contengan y de la forma en que utilice su equipo, pueden utilizarse para reconocer al usuario.<\/p>\n<p><strong>\u00bfQu\u00e9 tipos de cookies utiliza esta p\u00e1gina web?<\/strong><br \/>Cookies de an\u00e1lisis &#8211; Son aqu\u00e9llas que bien tratadas por nosotros o por terceros, nos permiten cuantificar el n\u00famero de usuarios y as\u00ed realizar la medici\u00f3n y an\u00e1lisis estad\u00edstico de la utilizaci\u00f3n que hacen los usuarios del servicio ofertado. Para ello se analiza su navegaci\u00f3n en nuestra p\u00e1gina web con el fin de mejorar la oferta de productos o servicios que le ofrecemos.<\/p>\n<p><strong>C\u00f3mo desactivar las Cookies<\/strong><br \/>Puede usted permitir, bloquear o eliminar las cookies instaladas en su equipo mediante la configuraci\u00f3n de las opciones del navegador instalado en su ordenador.<\/p>\n<p><strong>Cookies de Terceros<\/strong><br \/>Esta p\u00e1gina web utiliza servicios de terceros para recopilar informaci\u00f3n con fines estad\u00edsticos y de uso de la web.<\/p>\n<p>[\/et_pb_text][\/et_pb_column][\/et_pb_row][et_pb_row module_id=&#8221;devoluciones&#8221; _builder_version=&#8221;4.6.5&#8243; _module_preset=&#8221;default&#8221; custom_padding=&#8221;||20px||false|false&#8221;][et_pb_column type=&#8221;4_4&#8243; _builder_version=&#8221;4.6.5&#8243; _module_preset=&#8221;default&#8221;][et_pb_text _builder_version=&#8221;4.6.5&#8243; _module_preset=&#8221;default&#8221; header_2_font=&#8221;|600|||||||&#8221; header_2_font_size=&#8221;21px&#8221; custom_margin=&#8221;||0px||false|false&#8221;]<\/p>\n<h2>Pol\u00edtica de devoluciones<\/h2>\n<p>[\/et_pb_text][et_pb_text _builder_version=&#8221;4.6.5&#8243; _module_preset=&#8221;default&#8221; header_2_font=&#8221;|600|||||||&#8221; header_2_font_size=&#8221;21px&#8221;]<\/p>\n<p>Nuestra pol\u00edtica, cumpliendo con la normativa vigente, es concederle el derecho de devolver cualquier art\u00edculo comprado en Infomueble en el plazo de 15 d\u00edas desde la fecha de recepci\u00f3n.<br \/>Para realizar la devoluci\u00f3n, el producto deber\u00e1 estar en perfectas condiciones, con todas las etiquetas adjuntas, en su embalaje original y con cualquier otro producto promocional incluido. Como cuando lo recibiste, sin haber sido utilizado ni manipulado.<br \/>Para la gesti\u00f3n de las devoluciones el cliente enviar\u00e1 el paquete con la empresa de mensajer\u00eda a su elecci\u00f3n y portes a su cargo.<br \/>Si el cambio o devoluci\u00f3n se realiza en nuestra tienda f\u00edsica ser\u00e1 gratuito.<br \/>Para la tramitaci\u00f3n deber\u00e1 ponerse en contacto con Guillermo Lliteras.<br \/>Es importante que a la hora de empaquetar el art\u00edculo no se produzcan da\u00f1os en el embalaje original. En el caso de que se devuelva sin dichos embalajes originales o con desperfectos, el importe que se abonar\u00e1 al cliente por la devoluci\u00f3n del producto ser\u00e1 disminuido en la cantidad que corresponda seg\u00fan el estado del producto devuelto.<br \/>Una vez recibido el producto en nuestros almacenes y previa comprobaci\u00f3n del estado del mismo, se proceder\u00e1 al reintegro de su importe a trav\u00e9s de la forma de pago utilizada en la compra.<br \/>Si el cambio o devoluci\u00f3n procede de Ceuta, Melilla, Canarias o Internacional, tanto los costes de devoluci\u00f3n como los gastos aduaneros e impuestos locales, ser\u00e1n responsabilidad del cliente.<br \/>Si el producto no corresponde con el pedido realizado por el cliente, Infomueble cargar\u00e1 con todos los gastos. Para realizar cualquier gesti\u00f3n ser\u00e1 necesario presentar la factura original de compra emitida por Infomueble. No se realizar\u00e1 ning\u00fan env\u00edo de mercanc\u00eda hasta que se haya recibido el art\u00edculo objeto de devoluci\u00f3n en nuestro almac\u00e9n y se haya comprobado que vuelve en perfectas condiciones. Una vez hayamos contactado con el cliente procederemos a la recogida del producto, totalmente gratuita y se tramitar\u00e1 la incidencia.<\/p>\n<p>[\/et_pb_text][\/et_pb_column][\/et_pb_row][\/et_pb_section]<\/p>\n","protected":false},"excerpt":{"rendered":"<p>Aviso legal Titular: Infomueble, S.L. Registro mercantil: Inscripci\u00f3n 1\u00aa 10\/12\/91 Tomo 864 Folio 4 Hoja PM 2714 NIF: B-07111024 Domicilio: Gremi Boneters, 54. Palma. Islas\u00a0Baleares. Sitio Web:\u00a0www.infomueble.es Pol\u00edtica de privacidad El presente Pol\u00edtica de Privacidad establece los t\u00e9rminos en que Infomueble, S.L. usa y protege la informaci\u00f3n que es proporcionada por sus usuarios al momento [&hellip;]<\/p>\n","protected":false},"author":1,"featured_media":0,"parent":0,"menu_order":0,"comment_status":"closed","ping_status":"closed","template":"","meta":{"_et_pb_use_builder":"on","_et_pb_old_content":"","_et_gb_content_width":"","footnotes":""},"class_list":["post-5662","page","type-page","status-publish","hentry"],"_links":{"self":[{"href":"https:\/\/tienda.infomueble.es\/en\/wp-json\/wp\/v2\/pages\/5662","targetHints":{"allow":["GET"]}}],"collection":[{"href":"https:\/\/tienda.infomueble.es\/en\/wp-json\/wp\/v2\/pages"}],"about":[{"href":"https:\/\/tienda.infomueble.es\/en\/wp-json\/wp\/v2\/types\/page"}],"author":[{"embeddable":true,"href":"https:\/\/tienda.infomueble.es\/en\/wp-json\/wp\/v2\/users\/1"}],"replies":[{"embeddable":true,"href":"https:\/\/tienda.infomueble.es\/en\/wp-json\/wp\/v2\/comments?post=5662"}],"version-history":[{"count":1,"href":"https:\/\/tienda.infomueble.es\/en\/wp-json\/wp\/v2\/pages\/5662\/revisions"}],"predecessor-version":[{"id":5663,"href":"https:\/\/tienda.infomueble.es\/en\/wp-json\/wp\/v2\/pages\/5662\/revisions\/5663"}],"wp:attachment":[{"href":"https:\/\/tienda.infomueble.es\/en\/wp-json\/wp\/v2\/media?parent=5662"}],"curies":[{"name":"wp","href":"https:\/\/api.w.org\/{rel}","templated":true}]}}